{"id":1411,"date":"2025-11-08T13:12:32","date_gmt":"2025-11-08T10:12:32","guid":{"rendered":"https:\/\/7netbilisim.com\/?page_id=1411"},"modified":"2025-11-18T04:07:54","modified_gmt":"2025-11-18T01:07:54","slug":"makale","status":"publish","type":"page","link":"https:\/\/7netbilisim.com\/index.php\/makale\/","title":{"rendered":"Blog"},"content":{"rendered":"\n<div class=\"wp-block-uagb-container uagb-block-m5mmolbs alignfull uagb-is-root-container\"><div class=\"uagb-container-inner-blocks-wrap\">\n<div class=\"wp-block-uagb-container uagb-block-hxzgwnm1\">\n<div class=\"wp-block-uagb-container uagb-layout-grid uagb-block-otmzy2sz\">\n<div class=\"wp-block-uagb-image aligncenter uagb-block-m9efl4in wp-block-uagb-image--layout-default wp-block-uagb-image--effect-static wp-block-uagb-image--align-center alignleft\"><figure class=\"wp-block-uagb-image__figure\"><img decoding=\"async\" srcset=\"https:\/\/7netbilisim.com\/wp-content\/uploads\/2025\/11\/erp-300x205.webp ,https:\/\/7netbilisim.com\/wp-content\/uploads\/2025\/11\/erp.webp 780w, https:\/\/7netbilisim.com\/wp-content\/uploads\/2025\/11\/erp.webp 360w\" sizes=\"auto, (max-width: 480px) 150px\" src=\"https:\/\/7netbilisim.com\/wp-content\/uploads\/2025\/11\/erp-300x205.webp\" alt=\"\" class=\"uag-image-1968\" width=\"372\" height=\"205\" title=\"erp\" loading=\"lazy\" role=\"img\"\/><\/figure><\/div>\n\n\n\n<div class=\"wp-block-uagb-info-box uagb-block-ev3dyoxk uagb-infobox__content-wrap  uagb-infobox-icon-above-title uagb-infobox-image-valign-top\"><div class=\"uagb-ifb-content\"><div class=\"uagb-ifb-title-wrap\"><h3 class=\"uagb-ifb-title\"><strong>ERP Nedir?<\/strong><\/h3><\/div><p class=\"uagb-ifb-desc\">ERP, bir i\u015fletmenin t\u00fcm kaynaklar\u0131n\u0131; muhasebe, insan kaynaklar\u0131, \u00fcretim, sat\u0131\u015f, sat\u0131n alma, stok, m\u00fc\u015fteri ili\u015fkileri gibi s\u00fcre\u00e7leri tek bir yaz\u0131l\u0131m \u00e7at\u0131s\u0131 alt\u0131nda birle\u015ftiren y\u00f6netim sistemidir. Ama\u00e7, farkl\u0131 departmanlarda y\u00fcr\u00fct\u00fclen i\u015flemleri tek bir merkezi sistemde toplamak, b\u00f6ylece bilgi ak\u0131\u015f\u0131n\u0131 h\u0131zland\u0131rmak ve karar alma s\u00fcre\u00e7lerini kolayla\u015ft\u0131rmakt\u0131r.<br><strong>ERP Sisteminin Sa\u011flad\u0131\u011f\u0131 Temel Faydalar\u0131<\/strong><br><strong>Verimlilik Art\u0131\u015f\u0131<\/strong><br>Manuel i\u015flemleri ortadan kald\u0131r\u0131r, otomasyon sa\u011flar. \u00c7al\u0131\u015fanlar daha az zamanla daha fazla i\u015f yapabilir.<br><strong>Do\u011fru ve Anl\u0131k Veri<\/strong><br>T\u00fcm birimler ayn\u0131 veriye ula\u015f\u0131r. Hatalar azal\u0131r, do\u011fru kararlar al\u0131n\u0131r.<br><strong>Maliyet Kontrol\u00fc<\/strong><br>Kaynaklar\u0131n nerede ve nas\u0131l kullan\u0131ld\u0131\u011f\u0131n\u0131 net \u015fekilde g\u00f6rmenizi sa\u011flar. Gereksiz harcamalar \u00f6nlenir.<br><strong>M\u00fc\u015fteri Memnuniyeti<\/strong><br>Stok, \u00fcretim ve teslimat s\u00fcre\u00e7leri entegre \u00e7al\u0131\u015ft\u0131\u011f\u0131 i\u00e7in m\u00fc\u015fteri taleplerine daha h\u0131zl\u0131 yan\u0131t verilir.<br><strong>Raporlama ve Analiz Kolayl\u0131\u011f\u0131<\/strong><br>ERP sistemleri, y\u00f6neticilere ger\u00e7ek zamanl\u0131 raporlar ve performans analizleri sunar.<\/p><\/div><\/div>\n<\/div>\n\n\n\n<div class=\"wp-block-uagb-separator uagb-block-8djio9dg\"><div class=\"wp-block-uagb-separator__inner\" style=\"--my-background-image:\"><\/div><\/div>\n\n\n\n<div class=\"wp-block-uagb-container uagb-layout-grid uagb-block-vaamzb4c\">\n<div class=\"wp-block-uagb-image aligncenter uagb-block-jdelssrt wp-block-uagb-image--layout-default wp-block-uagb-image--effect-static wp-block-uagb-image--align-center alignleft\"><figure class=\"wp-block-uagb-image__figure\"><img decoding=\"async\" srcset=\"https:\/\/7netbilisim.com\/wp-content\/uploads\/2021\/12\/bulut-erp-e1762501885598.png ,https:\/\/7netbilisim.com\/wp-content\/uploads\/2021\/12\/bulut-erp-e1762501885598.png 780w, https:\/\/7netbilisim.com\/wp-content\/uploads\/2021\/12\/bulut-erp-e1762501885598.png 360w\" sizes=\"auto, (max-width: 480px) 150px\" src=\"https:\/\/7netbilisim.com\/wp-content\/uploads\/2021\/12\/bulut-erp-e1762501885598.png\" alt=\"\" class=\"uag-image-1362\" width=\"420\" height=\"300\" title=\"bulut erp\" loading=\"lazy\" role=\"img\"\/><\/figure><\/div>\n\n\n\n<div class=\"wp-block-uagb-info-box uagb-block-eyivzaiv uagb-infobox__content-wrap  uagb-infobox-icon-above-title uagb-infobox-image-valign-top\"><div class=\"uagb-ifb-content\"><div class=\"uagb-ifb-title-wrap\"><h3 class=\"uagb-ifb-title\"><strong>Bulut ERP mi yoksa On-Premise ERP mi?<\/strong><\/h3><\/div><p class=\"uagb-ifb-desc\">Her iki modelin de kendine \u00f6zg\u00fc avantajlar\u0131 ve s\u0131n\u0131rlamalar\u0131 vard\u0131r. Do\u011fru tercih, i\u015fletmenizin b\u00fcy\u00fckl\u00fc\u011f\u00fcne, b\u00fct\u00e7esine ve dijital olgunlu\u011funa ba\u011fl\u0131d\u0131r.<br><strong>On-Premise ERP:<\/strong>&nbsp;Yaz\u0131l\u0131m ve veriler i\u015fletmenin&nbsp;kendi sunucular\u0131nda&nbsp;bar\u0131nd\u0131r\u0131l\u0131r.<br><strong>Bulut ERP:<\/strong>&nbsp;Yaz\u0131l\u0131m ve veriler&nbsp;internet \u00fczerinden, sa\u011flay\u0131c\u0131n\u0131n sunucular\u0131nda tutulur. Yani biri&nbsp;\u201csizin ofisinizde\u201d, di\u011feri&nbsp;\u201cbulutta\u201d&nbsp;\u00e7al\u0131\u015f\u0131r.<br><strong>On-Premise ERP Nedir?<\/strong><br>On-Premise ERP, sistemin&nbsp;kurulum, y\u00f6netim ve bak\u0131m\u0131n\u0131n tamamen \u015firket i\u00e7inde&nbsp;yap\u0131ld\u0131\u011f\u0131 geleneksel modeldir.<br><strong>Bulut ERP Nedir?<\/strong><br>Bulut ERP, yaz\u0131l\u0131m\u0131n&nbsp;internet \u00fczerinden eri\u015filen bir hizmet (SaaS)&nbsp;olarak sunuldu\u011fu modeldir.<br>Sunucu, g\u00fcvenlik ve g\u00fcncellemeler tamamen servis sa\u011flay\u0131c\u0131 taraf\u0131ndan y\u00f6netilir. ERP se\u00e7imi sadece bir yaz\u0131l\u0131m tercihi de\u011fil,&nbsp;\u015firketinizin dijital stratejisinin bir par\u00e7as\u0131d\u0131r. \u0130htiya\u00e7lar\u0131n\u0131z\u0131 do\u011fru analiz edip, i\u015fletmenizin gelece\u011fine uygun modeli se\u00e7mek uzun vadede hem maliyet hem de verimlilik a\u00e7\u0131s\u0131ndan b\u00fcy\u00fck fark yarat\u0131r.<\/p><\/div><\/div>\n<\/div>\n\n\n\n<div class=\"wp-block-uagb-separator uagb-block-am9vlwsb\"><div class=\"wp-block-uagb-separator__inner\" style=\"--my-background-image:\"><\/div><\/div>\n\n\n\n<div class=\"wp-block-uagb-container uagb-layout-grid uagb-block-qqzdrcdz\">\n<div class=\"wp-block-uagb-image uagb-block-zj5vcls8 wp-block-uagb-image--layout-default wp-block-uagb-image--effect-static wp-block-uagb-image--align-none alignleft\"><figure class=\"wp-block-uagb-image__figure\"><img decoding=\"async\" srcset=\"https:\/\/7netbilisim.com\/wp-content\/uploads\/2025\/11\/logo-yapay-zeka.jpg ,https:\/\/7netbilisim.com\/wp-content\/uploads\/2025\/11\/logo-yapay-zeka.jpg 780w, https:\/\/7netbilisim.com\/wp-content\/uploads\/2025\/11\/logo-yapay-zeka.jpg 360w\" sizes=\"auto, (max-width: 480px) 150px\" src=\"https:\/\/7netbilisim.com\/wp-content\/uploads\/2025\/11\/logo-yapay-zeka.jpg\" alt=\"\" class=\"uag-image-1973\" width=\"420\" height=\"337\" title=\"logo yapay zeka\" loading=\"lazy\" role=\"img\"\/><\/figure><\/div>\n\n\n\n<div class=\"wp-block-uagb-info-box uagb-block-vsn528v0 uagb-infobox__content-wrap  uagb-infobox-icon-above-title uagb-infobox-image-valign-top\"><div class=\"uagb-ifb-content\"><div class=\"uagb-ifb-title-wrap\"><h3 class=\"uagb-ifb-title\"><strong>Erp Sistemler ve Yapay Zeka<\/strong><\/h3><\/div><p class=\"uagb-ifb-desc\">G\u00fcn\u00fcm\u00fczde i\u015fletmeler veriye dayal\u0131 karar alma s\u00fcre\u00e7lerini h\u0131zland\u0131rmak ve rekabet avantaj\u0131 elde etmek i\u00e7in kurumsal kaynak planlama (ERP) sistemlerine yat\u0131r\u0131m yap\u0131yor. Ancak art\u0131k sadece veriyi toplamak yetmiyor&nbsp;veriyi anlamland\u0131rmak, \u00f6ng\u00f6r\u00fcler olu\u015fturmak ve s\u00fcre\u00e7leri otomatikle\u015ftirmek&nbsp;gerekiyor. \u0130\u015fte bu noktada&nbsp;Yapay Zeka (AI)&nbsp;devreye giriyor.<br><strong>Yapay Zeka ERP Sistemlerini Nas\u0131l D\u00f6n\u00fc\u015ft\u00fcr\u00fcyor?<\/strong><br>Geleneksel ERP sistemleri daha \u00e7ok kay\u0131t tutma, raporlama ve s\u00fcre\u00e7 y\u00f6netimi odakl\u0131 \u00e7al\u0131\u015f\u0131rken,&nbsp;AI destekli ERP\u2019ler&nbsp;\u00e7ok daha ak\u0131ll\u0131 hale geliyor. Art\u0131k sistemler sadece ge\u00e7mi\u015fi raporlam\u0131yor, gelece\u011fi de \u00f6ng\u00f6rebiliyor.<br><strong>\u0130\u015f S\u00fcre\u00e7lerinde Otomasyon ve Verimlilik Art\u0131\u015f\u0131<\/strong><br>Yapay zeka destekli ERP sistemleri,&nbsp;manuel veri giri\u015fini en aza indirerek&nbsp;operasyonel verimlili\u011fi ciddi bi\u00e7imde art\u0131r\u0131rabilir.<br><strong>Karar Verme S\u00fcre\u00e7lerinde Yeni Bir D\u00f6nem<\/strong><br>ERP sistemleri art\u0131k sadece veri sunan bir ara\u00e7 de\u011fil,&nbsp;karar orta\u011f\u0131&nbsp;haline geliyor. AI destekli ERP\u2019ler,&nbsp;anl\u0131k analizler&nbsp;sayesinde y\u00f6neticilerin h\u0131zl\u0131 ve do\u011fru kararlar almas\u0131na yard\u0131mc\u0131 olur.<br>Sistem, \u201cBu sipari\u015fi \u015fimdi vermek mi yoksa beklemek mi daha k\u00e2rl\u0131 olur?\u201d gibi sorulara veri temelli yan\u0131t verebilir.<br><strong>Gelece\u011fe Bak\u0131\u015f: AI + ERP = Ak\u0131ll\u0131 \u0130\u015fletme<\/strong><br>Yak\u0131n gelecekte ERP sistemlerinin;&nbsp;Makine \u00d6\u011frenimi (Machine Learning)&nbsp;modelleriyle s\u00fcrekli \u00f6\u011frenen,<br>IoT (Nesnelerin \u0130nterneti)&nbsp;ile entegre \u00e7al\u0131\u015fan,&nbsp;Otonom karar mekanizmalar\u0131&nbsp;geli\u015ftiren bir yap\u0131ya d\u00f6n\u00fc\u015fmesi bekleniyor. Bu d\u00f6n\u00fc\u015f\u00fcm, i\u015fletmelerin&nbsp;maliyetlerini d\u00fc\u015f\u00fcr\u00fcrken,&nbsp;karar alma h\u0131z\u0131n\u0131&nbsp;ve&nbsp;m\u00fc\u015fteri memnuniyetini&nbsp;art\u0131racakt\u0131r.<br>Sonu\u00e7 olarak yapay Zeka ile desteklenen ERP sistemleri, sadece bug\u00fcn\u00fcn de\u011fil, gelece\u011fin de i\u015f d\u00fcnyas\u0131n\u0131n temelini olu\u015fturacak. Bu teknolojiyi benimseyen i\u015fletmeler, dijital d\u00f6n\u00fc\u015f\u00fcm yar\u0131\u015f\u0131nda bir ad\u0131m \u00f6nde olacak.<\/p><\/div><\/div>\n<\/div>\n\n\n\n<div class=\"wp-block-uagb-separator uagb-block-fitqzggc\"><div class=\"wp-block-uagb-separator__inner\" style=\"--my-background-image:\"><\/div><\/div>\n\n\n\n<div class=\"wp-block-uagb-container uagb-layout-grid uagb-block-asa3oljv\">\n<div class=\"wp-block-uagb-image aligncenter uagb-block-csaph6vw wp-block-uagb-image--layout-default wp-block-uagb-image--effect-static wp-block-uagb-image--align-center alignleft\"><figure class=\"wp-block-uagb-image__figure\"><img decoding=\"async\" srcset=\"https:\/\/7netbilisim.com\/wp-content\/uploads\/2021\/12\/veri-guvenligi.jpg ,https:\/\/7netbilisim.com\/wp-content\/uploads\/2021\/12\/veri-guvenligi.jpg 780w, https:\/\/7netbilisim.com\/wp-content\/uploads\/2021\/12\/veri-guvenligi.jpg 360w\" sizes=\"auto, (max-width: 480px) 150px\" src=\"https:\/\/7netbilisim.com\/wp-content\/uploads\/2021\/12\/veri-guvenligi.jpg\" alt=\"\" class=\"uag-image-1364\" width=\"420\" height=\"300\" title=\"veri g\u00fcvenli\u011fi\" loading=\"lazy\" role=\"img\"\/><\/figure><\/div>\n\n\n\n<div class=\"wp-block-uagb-info-box uagb-block-ehmqpz2g uagb-infobox__content-wrap  uagb-infobox-icon-above-title uagb-infobox-image-valign-top\"><div class=\"uagb-ifb-content\"><div class=\"uagb-ifb-title-wrap\"><h3 class=\"uagb-ifb-title\"><strong>Veri G\u00fcvenli\u011fi ve Yedekleme \u00c7\u00f6z\u00fcmleri<\/strong><\/h3><\/div><p class=\"uagb-ifb-desc\">Veri G\u00fcvenli\u011fi ve Yedekleme \u00c7\u00f6z\u00fcmleri\u201d \u00f6zellikle ERP sistemleriyle ilgilenen i\u015fletmeler i\u00e7in \u00e7ok \u00f6nemlidir.<br><strong>Veri G\u00fcvenli\u011finin \u00d6nemi<\/strong><br>Veri ihlalleri, sadece maddi kayba de\u011fil, ayn\u0131 zamanda m\u00fc\u015fteri g\u00fcveninin sars\u0131lmas\u0131na da neden olur.<br><strong>Veri g\u00fcvenli\u011fini sa\u011flamak i\u00e7in:<\/strong><br>G\u00fc\u00e7l\u00fc \u015fifreleme (encryption)&nbsp;y\u00f6ntemleri kullan\u0131lmal\u0131,<br>Yetkilendirme ve eri\u015fim kontrol\u00fc&nbsp;do\u011fru \u015fekilde yap\u0131land\u0131r\u0131lmal\u0131,<br>\u00c7ok fakt\u00f6rl\u00fc kimlik do\u011frulama (MFA)&nbsp;uygulanmal\u0131,<br>G\u00fcncel&nbsp;g\u00fcvenlik duvar\u0131 (firewall)&nbsp;ve&nbsp;antivir\u00fcs&nbsp;sistemleri kullan\u0131lmal\u0131d\u0131r.<br><strong>\u0130\u015fletmeler \u0130\u00e7in Bulutun G\u00fcc\u00fc<\/strong><br>Dijitalle\u015fen d\u00fcnyada i\u015fletmelerin en de\u011ferli varl\u0131\u011f\u0131&nbsp;veridir. Ancak veri kayb\u0131, siber sald\u0131r\u0131lar veya sistem ar\u0131zalar\u0131, bir \u015firketin faaliyetlerini durma noktas\u0131na getirebilir. Bu nedenle&nbsp;veri g\u00fcvenli\u011fi&nbsp;ve&nbsp;yedekleme \u00e7\u00f6z\u00fcmleri, g\u00fcn\u00fcm\u00fcz i\u015fletmelerinin \u00f6ncelikli konular\u0131ndan biri haline gelmi\u015ftir.<br><strong>Bulut Yedekleme (Cloud Backup) Neden \u00d6nemli?<\/strong><br>Bulut tabanl\u0131 yedekleme sistemleri, i\u015fletmelere&nbsp;esneklik,&nbsp;eri\u015filebilirlik&nbsp;ve&nbsp;g\u00fcvenlik&nbsp;sa\u011flar.<br>Veri kayb\u0131, \u00e7o\u011fu zaman \u00f6nlenebilir bir risktir. G\u00fc\u00e7l\u00fc g\u00fcvenlik politikalar\u0131 ve modern bulut yedekleme \u00e7\u00f6z\u00fcmleriyle i\u015fletmeler, hem operasyonel s\u00fcreklili\u011fi hem de m\u00fc\u015fteri g\u00fcvenini koruyabilir.<br>Unutmay\u0131n:&nbsp;Ger\u00e7ek veri g\u00fcvenli\u011fi, sadece korunmakla de\u011fil,&nbsp;haz\u0131rl\u0131kl\u0131 olmakla&nbsp;m\u00fcmk\u00fcnd\u00fcr.<\/p><\/div><\/div>\n<\/div>\n\n\n\n<div class=\"wp-block-uagb-separator uagb-block-03okrmqf\"><div class=\"wp-block-uagb-separator__inner\" style=\"--my-background-image:\"><\/div><\/div>\n<\/div>\n<\/div><\/div>\n","protected":false},"excerpt":{"rendered":"","protected":false},"author":1,"featured_media":0,"parent":0,"menu_order":0,"comment_status":"closed","ping_status":"closed","template":"","meta":{"zakra_general_container_width":0,"zakra_general_content_width":0,"zakra_general_sidebar_width":0,"zakra_sticky_header":"customizer","zakra_header_main_area":true,"zakra_site_logo_width":0,"zakra_header_top_enabled":"customizer","zakra_header_top_style":"customizer","zakra_primary_menu_item_style":"customizer","zakra_page_header_text_color":"","zakra_page_header_layout":"customizer","zakra_page_title_bg":"","zakra_footer_widgets_bg_image":0,"zakra_page_title_bg_repeat":"customizer","zakra_page_title_bg_position":"customizer","zakra_page_title_bg_size":"customizer","zakra_page_title_bg_attachment":"customizer","zakra_breadcrumbs_enabled":"customizer","zakra_breadcrumbs_text_color":"","zakra_breadcrumbs_separator_color":"","zakra_breadcrumbs_link_color":"","zakra_breadcrumbs_link_hover_color":"","zakra_page_title_bg_image":0,"zakra_footer_widgets_enabled":"customizer","zakra_footer_column_layout_1_style":"customizer","zakra_footer_widgets_bg":"","zakra_footer_widgets_bg_repeat":"customizer","zakra_footer_widgets_bg_position":"customizer","zakra_footer_widgets_bg_size":"customizer","zakra_footer_widgets_bg_attachment":"customizer","zakra_footer_bar_enabled":"customizer","zakra_footer_bar_style":"customizer","zakra_page_container_layout":"customizer","zakra_page_sidebar_layout":"customizer","zakra_remove_content_margin":false,"zakra_sidebar":"customizer","zakra_transparent_header":"customizer","zakra_logo":0,"zakra_main_header_style":"default","zakra_menu_item_color":"","zakra_menu_item_hover_color":"","zakra_menu_item_active_color":"","zakra_menu_active_style":"","zakra_page_header":true,"_uag_custom_page_level_css":"","footnotes":""},"class_list":["post-1411","page","type-page","status-publish","hentry"],"yoast_head":"<!-- This site is optimized with the Yoast SEO plugin v26.4 - https:\/\/yoast.com\/wordpress\/plugins\/seo\/ -->\n<title>Adana - Logo Destek Hizmetleri<\/title>\n<meta name=\"description\" content=\"Adana Logo bayi - e-Fatura, e-Ar\u015fiv Fatura, e-\u0130rsaliye, e-Defter \u00c7\u00f6z\u00fcmleri\u200e\" \/>\n<meta name=\"robots\" content=\"index, follow, max-snippet:-1, max-image-preview:large, max-video-preview:-1\" \/>\n<link rel=\"canonical\" href=\"https:\/\/7netbilisim.com\/index.php\/makale\/\" \/>\n<meta property=\"og:locale\" content=\"tr_TR\" \/>\n<meta property=\"og:type\" content=\"article\" \/>\n<meta property=\"og:title\" content=\"Adana - Logo Destek Hizmetleri\" \/>\n<meta property=\"og:description\" content=\"Adana Logo bayi - e-Fatura, e-Ar\u015fiv Fatura, e-\u0130rsaliye, e-Defter \u00c7\u00f6z\u00fcmleri\u200e\" \/>\n<meta property=\"og:url\" content=\"https:\/\/7netbilisim.com\/index.php\/makale\/\" \/>\n<meta property=\"article:modified_time\" content=\"2025-11-18T01:07:54+00:00\" \/>\n<meta property=\"og:image\" content=\"https:\/\/7netbilisim.com\/wp-content\/uploads\/2025\/11\/erp-300x205.webp\" \/>\n<meta name=\"twitter:card\" content=\"summary_large_image\" \/>\n<meta name=\"twitter:label1\" content=\"Tahmini okuma s\u00fcresi\" \/>\n\t<meta name=\"twitter:data1\" content=\"5 dakika\" \/>\n<script type=\"application\/ld+json\" class=\"yoast-schema-graph\">{\"@context\":\"https:\/\/schema.org\",\"@graph\":[{\"@type\":\"WebPage\",\"@id\":\"https:\/\/7netbilisim.com\/index.php\/makale\/\",\"url\":\"https:\/\/7netbilisim.com\/index.php\/makale\/\",\"name\":\"Adana - Logo Destek Hizmetleri\",\"isPartOf\":{\"@id\":\"https:\/\/7netbilisim.com\/#website\"},\"primaryImageOfPage\":{\"@id\":\"https:\/\/7netbilisim.com\/index.php\/makale\/#primaryimage\"},\"image\":{\"@id\":\"https:\/\/7netbilisim.com\/index.php\/makale\/#primaryimage\"},\"thumbnailUrl\":\"https:\/\/7netbilisim.com\/wp-content\/uploads\/2025\/11\/erp-300x205.webp\",\"datePublished\":\"2025-11-08T10:12:32+00:00\",\"dateModified\":\"2025-11-18T01:07:54+00:00\",\"description\":\"Adana Logo bayi - e-Fatura, e-Ar\u015fiv Fatura, e-\u0130rsaliye, e-Defter \u00c7\u00f6z\u00fcmleri\u200e\",\"breadcrumb\":{\"@id\":\"https:\/\/7netbilisim.com\/index.php\/makale\/#breadcrumb\"},\"inLanguage\":\"tr\",\"potentialAction\":[{\"@type\":\"ReadAction\",\"target\":[\"https:\/\/7netbilisim.com\/index.php\/makale\/\"]}]},{\"@type\":\"ImageObject\",\"inLanguage\":\"tr\",\"@id\":\"https:\/\/7netbilisim.com\/index.php\/makale\/#primaryimage\",\"url\":\"https:\/\/7netbilisim.com\/wp-content\/uploads\/2025\/11\/erp-300x205.webp\",\"contentUrl\":\"https:\/\/7netbilisim.com\/wp-content\/uploads\/2025\/11\/erp-300x205.webp\"},{\"@type\":\"BreadcrumbList\",\"@id\":\"https:\/\/7netbilisim.com\/index.php\/makale\/#breadcrumb\",\"itemListElement\":[{\"@type\":\"ListItem\",\"position\":1,\"name\":\"Ana sayfa\",\"item\":\"https:\/\/7netbilisim.com\/\"},{\"@type\":\"ListItem\",\"position\":2,\"name\":\"Blog\"}]},{\"@type\":\"WebSite\",\"@id\":\"https:\/\/7netbilisim.com\/#website\",\"url\":\"https:\/\/7netbilisim.com\/\",\"name\":\"\",\"description\":\"\",\"publisher\":{\"@id\":\"https:\/\/7netbilisim.com\/#organization\"},\"potentialAction\":[{\"@type\":\"SearchAction\",\"target\":{\"@type\":\"EntryPoint\",\"urlTemplate\":\"https:\/\/7netbilisim.com\/?s={search_term_string}\"},\"query-input\":{\"@type\":\"PropertyValueSpecification\",\"valueRequired\":true,\"valueName\":\"search_term_string\"}}],\"inLanguage\":\"tr\"},{\"@type\":\"Organization\",\"@id\":\"https:\/\/7netbilisim.com\/#organization\",\"name\":\"7NET Bili\u015fim Yaz\u0131l\u0131m ve Dan\u0131\u015fmanl\u0131k Hizmetleri\",\"url\":\"https:\/\/7netbilisim.com\/\",\"logo\":{\"@type\":\"ImageObject\",\"inLanguage\":\"tr\",\"@id\":\"https:\/\/7netbilisim.com\/#\/schema\/logo\/image\/\",\"url\":\"https:\/\/7netbilisim.com\/wp-content\/uploads\/2019\/10\/225.png\",\"contentUrl\":\"https:\/\/7netbilisim.com\/wp-content\/uploads\/2019\/10\/225.png\",\"width\":224,\"height\":48,\"caption\":\"7NET Bili\u015fim Yaz\u0131l\u0131m ve Dan\u0131\u015fmanl\u0131k Hizmetleri\"},\"image\":{\"@id\":\"https:\/\/7netbilisim.com\/#\/schema\/logo\/image\/\"}}]}<\/script>\n<!-- \/ Yoast SEO plugin. -->","yoast_head_json":{"title":"Adana - Logo Destek Hizmetleri","description":"Adana Logo bayi - e-Fatura, e-Ar\u015fiv Fatura, e-\u0130rsaliye, e-Defter \u00c7\u00f6z\u00fcmleri\u200e","robots":{"index":"index","follow":"follow","max-snippet":"max-snippet:-1","max-image-preview":"max-image-preview:large","max-video-preview":"max-video-preview:-1"},"canonical":"https:\/\/7netbilisim.com\/index.php\/makale\/","og_locale":"tr_TR","og_type":"article","og_title":"Adana - Logo Destek Hizmetleri","og_description":"Adana Logo bayi - e-Fatura, e-Ar\u015fiv Fatura, e-\u0130rsaliye, e-Defter \u00c7\u00f6z\u00fcmleri\u200e","og_url":"https:\/\/7netbilisim.com\/index.php\/makale\/","article_modified_time":"2025-11-18T01:07:54+00:00","og_image":[{"url":"https:\/\/7netbilisim.com\/wp-content\/uploads\/2025\/11\/erp-300x205.webp","type":"","width":"","height":""}],"twitter_card":"summary_large_image","twitter_misc":{"Tahmini okuma s\u00fcresi":"5 dakika"},"schema":{"@context":"https:\/\/schema.org","@graph":[{"@type":"WebPage","@id":"https:\/\/7netbilisim.com\/index.php\/makale\/","url":"https:\/\/7netbilisim.com\/index.php\/makale\/","name":"Adana - Logo Destek Hizmetleri","isPartOf":{"@id":"https:\/\/7netbilisim.com\/#website"},"primaryImageOfPage":{"@id":"https:\/\/7netbilisim.com\/index.php\/makale\/#primaryimage"},"image":{"@id":"https:\/\/7netbilisim.com\/index.php\/makale\/#primaryimage"},"thumbnailUrl":"https:\/\/7netbilisim.com\/wp-content\/uploads\/2025\/11\/erp-300x205.webp","datePublished":"2025-11-08T10:12:32+00:00","dateModified":"2025-11-18T01:07:54+00:00","description":"Adana Logo bayi - e-Fatura, e-Ar\u015fiv Fatura, e-\u0130rsaliye, e-Defter \u00c7\u00f6z\u00fcmleri\u200e","breadcrumb":{"@id":"https:\/\/7netbilisim.com\/index.php\/makale\/#breadcrumb"},"inLanguage":"tr","potentialAction":[{"@type":"ReadAction","target":["https:\/\/7netbilisim.com\/index.php\/makale\/"]}]},{"@type":"ImageObject","inLanguage":"tr","@id":"https:\/\/7netbilisim.com\/index.php\/makale\/#primaryimage","url":"https:\/\/7netbilisim.com\/wp-content\/uploads\/2025\/11\/erp-300x205.webp","contentUrl":"https:\/\/7netbilisim.com\/wp-content\/uploads\/2025\/11\/erp-300x205.webp"},{"@type":"BreadcrumbList","@id":"https:\/\/7netbilisim.com\/index.php\/makale\/#breadcrumb","itemListElement":[{"@type":"ListItem","position":1,"name":"Ana sayfa","item":"https:\/\/7netbilisim.com\/"},{"@type":"ListItem","position":2,"name":"Blog"}]},{"@type":"WebSite","@id":"https:\/\/7netbilisim.com\/#website","url":"https:\/\/7netbilisim.com\/","name":"","description":"","publisher":{"@id":"https:\/\/7netbilisim.com\/#organization"},"potentialAction":[{"@type":"SearchAction","target":{"@type":"EntryPoint","urlTemplate":"https:\/\/7netbilisim.com\/?s={search_term_string}"},"query-input":{"@type":"PropertyValueSpecification","valueRequired":true,"valueName":"search_term_string"}}],"inLanguage":"tr"},{"@type":"Organization","@id":"https:\/\/7netbilisim.com\/#organization","name":"7NET Bili\u015fim Yaz\u0131l\u0131m ve Dan\u0131\u015fmanl\u0131k Hizmetleri","url":"https:\/\/7netbilisim.com\/","logo":{"@type":"ImageObject","inLanguage":"tr","@id":"https:\/\/7netbilisim.com\/#\/schema\/logo\/image\/","url":"https:\/\/7netbilisim.com\/wp-content\/uploads\/2019\/10\/225.png","contentUrl":"https:\/\/7netbilisim.com\/wp-content\/uploads\/2019\/10\/225.png","width":224,"height":48,"caption":"7NET Bili\u015fim Yaz\u0131l\u0131m ve Dan\u0131\u015fmanl\u0131k Hizmetleri"},"image":{"@id":"https:\/\/7netbilisim.com\/#\/schema\/logo\/image\/"}}]}},"uagb_featured_image_src":{"full":false,"thumbnail":false,"medium":false,"medium_large":false,"large":false,"1536x1536":false,"2048x2048":false,"zakra-thumb-size-one":false,"zakra-thumb-size-two":false},"uagb_author_info":{"display_name":"admin","author_link":"https:\/\/7netbilisim.com\/index.php\/author\/netyedi01\/"},"uagb_comment_info":0,"uagb_excerpt":null,"_links":{"self":[{"href":"https:\/\/7netbilisim.com\/index.php\/wp-json\/wp\/v2\/pages\/1411","targetHints":{"allow":["GET"]}}],"collection":[{"href":"https:\/\/7netbilisim.com\/index.php\/wp-json\/wp\/v2\/pages"}],"about":[{"href":"https:\/\/7netbilisim.com\/index.php\/wp-json\/wp\/v2\/types\/page"}],"author":[{"embeddable":true,"href":"https:\/\/7netbilisim.com\/index.php\/wp-json\/wp\/v2\/users\/1"}],"replies":[{"embeddable":true,"href":"https:\/\/7netbilisim.com\/index.php\/wp-json\/wp\/v2\/comments?post=1411"}],"version-history":[{"count":60,"href":"https:\/\/7netbilisim.com\/index.php\/wp-json\/wp\/v2\/pages\/1411\/revisions"}],"predecessor-version":[{"id":2012,"href":"https:\/\/7netbilisim.com\/index.php\/wp-json\/wp\/v2\/pages\/1411\/revisions\/2012"}],"wp:attachment":[{"href":"https:\/\/7netbilisim.com\/index.php\/wp-json\/wp\/v2\/media?parent=1411"}],"curies":[{"name":"wp","href":"https:\/\/api.w.org\/{rel}","templated":true}]}}