{"id":1575,"date":"2025-11-08T11:07:46","date_gmt":"2025-11-08T08:07:46","guid":{"rendered":"https:\/\/7netbilisim.com\/?page_id=1575"},"modified":"2025-11-21T14:20:22","modified_gmt":"2025-11-21T11:20:22","slug":"adana-logo-netsis-destek-2","status":"publish","type":"page","link":"https:\/\/7netbilisim.com\/index.php\/adana-logo-netsis-destek-2\/","title":{"rendered":"Destek"},"content":{"rendered":"\n<p><\/p>\n\n\n\n<div class=\"wp-block-uagb-container uagb-block-fmamrl11 alignfull uagb-is-root-container\"><div class=\"uagb-container-inner-blocks-wrap\">\n<div class=\"wp-block-uagb-container uagb-layout-grid uagb-block-5hbqx9xr\">\n<div class=\"wp-block-uagb-image aligncenter uagb-block-n6cojt1c wp-block-uagb-image--layout-default wp-block-uagb-image--effect-static wp-block-uagb-image--align-center alignleft\"><figure class=\"wp-block-uagb-image__figure\"><a class=\"\" href=\"https:\/\/www.alpemix.com\/tr\/alpemix-indir-Windows\" target=\"\" rel=\"noopener\"><img decoding=\"async\" srcset=\"https:\/\/7netbilisim.com\/wp-content\/uploads\/2025\/11\/logo_netsis_destek_01-300x97.png ,https:\/\/7netbilisim.com\/wp-content\/uploads\/2025\/11\/logo_netsis_destek_01.png 780w, https:\/\/7netbilisim.com\/wp-content\/uploads\/2025\/11\/logo_netsis_destek_01.png 360w\" sizes=\"auto, (max-width: 480px) 150px\" src=\"https:\/\/7netbilisim.com\/wp-content\/uploads\/2025\/11\/logo_netsis_destek_01-300x97.png\" alt=\"\" class=\"uag-image-1852\" width=\"300\" height=\"97\" title=\"logo_netsis_destek_01\" loading=\"lazy\" role=\"img\"\/><\/a><\/figure><\/div>\n\n\n\n<div class=\"wp-block-uagb-image aligncenter uagb-block-rv1syhqj wp-block-uagb-image--layout-default wp-block-uagb-image--effect-static wp-block-uagb-image--align-center alignleft\"><figure class=\"wp-block-uagb-image__figure\"><a class=\"\" href=\"https:\/\/anydesk.com\/tr\" target=\"\" rel=\"noopener\"><img decoding=\"async\" srcset=\"https:\/\/7netbilisim.com\/wp-content\/uploads\/2025\/11\/logo_netsis_destek_02-300x97.png ,https:\/\/7netbilisim.com\/wp-content\/uploads\/2025\/11\/logo_netsis_destek_02.png 780w, https:\/\/7netbilisim.com\/wp-content\/uploads\/2025\/11\/logo_netsis_destek_02.png 360w\" sizes=\"auto, (max-width: 480px) 150px\" src=\"https:\/\/7netbilisim.com\/wp-content\/uploads\/2025\/11\/logo_netsis_destek_02-300x97.png\" alt=\"\" class=\"uag-image-1853\" width=\"300\" height=\"97\" title=\"logo_netsis_destek_02\" loading=\"lazy\" role=\"img\"\/><\/a><\/figure><\/div>\n\n\n\n<div class=\"wp-block-uagb-image aligncenter uagb-block-o5tkxneo wp-block-uagb-image--layout-default wp-block-uagb-image--effect-static wp-block-uagb-image--align-center alignleft\"><figure class=\"wp-block-uagb-image__figure\"><a class=\"\" href=\"https:\/\/www.teamviewer.com\/tr\/download\/windows\/?utm_source=google&amp;utm_medium=cpc&amp;utm_campaign=tr%7Cb%7Cpr%7C22%7Cnov%7Ctv-core-brand-only-exact-sn%7Cnew%7Ct0%7C0&amp;utm_content=Exact&amp;utm_term=teamviewer\" target=\"\" rel=\"noopener\"><img decoding=\"async\" srcset=\"https:\/\/7netbilisim.com\/wp-content\/uploads\/2025\/11\/logo_netsis_destek_03-300x97.png ,https:\/\/7netbilisim.com\/wp-content\/uploads\/2025\/11\/logo_netsis_destek_03.png 780w, https:\/\/7netbilisim.com\/wp-content\/uploads\/2025\/11\/logo_netsis_destek_03.png 360w\" sizes=\"auto, (max-width: 480px) 150px\" src=\"https:\/\/7netbilisim.com\/wp-content\/uploads\/2025\/11\/logo_netsis_destek_03-300x97.png\" alt=\"\" class=\"uag-image-1854\" width=\"300\" height=\"97\" title=\"logo_netsis_destek_03\" loading=\"lazy\" role=\"img\"\/><\/a><\/figure><\/div>\n<\/div>\n<\/div><\/div>\n\n\n\n<hr class=\"wp-block-separator has-alpha-channel-opacity is-style-default\" style=\"margin-top:var(--wp--preset--spacing--50);margin-bottom:var(--wp--preset--spacing--50)\"\/>\n\n\n\n<div class=\"wp-block-uagb-container uagb-block-rx1fk58m alignwide uagb-is-root-container\">\n<div class=\"wp-block-uagb-advanced-heading uagb-block-qlv7pau4\"><h2 class=\"uagb-heading-text\">Destek Hizmetleri<\/h2><\/div>\n\n\n<div class=\"wp-block-uagb-faq uagb-faq__outer-wrap uagb-block-ursotdlu uagb-faq-icon-row-reverse uagb-faq-layout-grid uagb-faq-expand-first-false uagb-faq-inactive-other-true uagb-faq__wrap uagb-buttons-layout-wrap uagb-faq-equal-height     \" data-faqtoggle=\"true\" role=\"tablist\"><div class=\"wp-block-uagb-faq-child uagb-faq-child__outer-wrap uagb-faq-item uagb-block-wskfmy5a \" role=\"tab\" tabindex=\"0\"><div class=\"uagb-faq-questions-button uagb-faq-questions\">\t\t\t<span class=\"uagb-icon uagb-faq-icon-wrap\">\n\t\t\t\t\t\t\t\t<svg xmlns=\"https:\/\/www.w3.org\/2000\/svg\" viewBox= \"0 0 448 512\"><path d=\"M224 416c-8.188 0-16.38-3.125-22.62-9.375l-192-192c-12.5-12.5-12.5-32.75 0-45.25s32.75-12.5 45.25 0L224 338.8l169.4-169.4c12.5-12.5 32.75-12.5 45.25 0s12.5 32.75 0 45.25l-192 192C240.4 412.9 232.2 416 224 416z\"><\/path><\/svg>\n\t\t\t\t\t\t\t<\/span>\n\t\t\t\t\t\t<span class=\"uagb-icon-active uagb-faq-icon-wrap\">\n\t\t\t\t\t\t\t\t<svg xmlns=\"https:\/\/www.w3.org\/2000\/svg\" viewBox= \"0 0 448 512\"><path d=\"M416 352c-8.188 0-16.38-3.125-22.62-9.375L224 173.3l-169.4 169.4c-12.5 12.5-32.75 12.5-45.25 0s-12.5-32.75 0-45.25l192-192c12.5-12.5 32.75-12.5 45.25 0l192 192c12.5 12.5 12.5 32.75 0 45.25C432.4 348.9 424.2 352 416 352z\"><\/path><\/svg>\n\t\t\t\t\t\t\t<\/span>\n\t\t\t<p class=\"uagb-question\"><strong>Tele Destek<\/strong>:<\/p><\/div><div class=\"uagb-faq-content\"><p>Destek hizmet kapsam\u0131nda bulunan \u00fcr\u00fcnlerde bulunan mod\u00fcller hakk\u0131nda, uzaktan online ba\u011flant\u0131 gerektirmeyen ve telefonda k\u0131sa s\u00fcreli soru\/cevap hizmetleridir. Logo kullan\u0131c\u0131lar\u0131n\u0131n basit sorunlar\u0131n\u0131n \u00e7\u00f6z\u00fcmlerinde telefon vas\u0131tas\u0131yla destek verilir ve gerekli oldu\u011funda dok\u00fcman payla\u015f\u0131l\u0131r.<\/p><\/div><\/div><div class=\"wp-block-uagb-faq-child uagb-faq-child__outer-wrap uagb-faq-item uagb-block-lcwxzpqe \" role=\"tab\" tabindex=\"0\"><div class=\"uagb-faq-questions-button uagb-faq-questions\">\t\t\t<span class=\"uagb-icon uagb-faq-icon-wrap\">\n\t\t\t\t\t\t\t\t<svg xmlns=\"https:\/\/www.w3.org\/2000\/svg\" viewBox= \"0 0 448 512\"><path d=\"M224 416c-8.188 0-16.38-3.125-22.62-9.375l-192-192c-12.5-12.5-12.5-32.75 0-45.25s32.75-12.5 45.25 0L224 338.8l169.4-169.4c12.5-12.5 32.75-12.5 45.25 0s12.5 32.75 0 45.25l-192 192C240.4 412.9 232.2 416 224 416z\"><\/path><\/svg>\n\t\t\t\t\t\t\t<\/span>\n\t\t\t\t\t\t<span class=\"uagb-icon-active uagb-faq-icon-wrap\">\n\t\t\t\t\t\t\t\t<svg xmlns=\"https:\/\/www.w3.org\/2000\/svg\" viewBox= \"0 0 448 512\"><path d=\"M416 352c-8.188 0-16.38-3.125-22.62-9.375L224 173.3l-169.4 169.4c-12.5 12.5-32.75 12.5-45.25 0s-12.5-32.75 0-45.25l192-192c12.5-12.5 32.75-12.5 45.25 0l192 192c12.5 12.5 12.5 32.75 0 45.25C432.4 348.9 424.2 352 416 352z\"><\/path><\/svg>\n\t\t\t\t\t\t\t<\/span>\n\t\t\t<p class=\"uagb-question\"><strong>Online Destek<\/strong>:<\/p><\/div><div class=\"uagb-faq-content\"><p>M\u00fc\u015fteriye uzak eri\u015fim yaz\u0131l\u0131mlar\u0131 ile ba\u011flant\u0131 kurularak verilen hizmetlerdir. Uzaktan eri\u015fimle \u015firketlerin sistemlerine ba\u011flan\u0131l\u0131r ve sorun belirlenip \u00e7\u00f6z\u00fcme kavu\u015fturulur. Online Destek kapsam\u0131nda olup da g\u00fcn i\u00e7erisinde \u00e7\u00f6z\u00fcmlenemeyen sorunlar yerinde destek hizmetine y\u00f6nlendirilir. Ayr\u0131ca, Yerinde Destek hizmet kapsam\u0131ndaki konular, Online Destek hizmeti ile verilememektedir.<\/p><\/div><\/div><div class=\"wp-block-uagb-faq-child uagb-faq-child__outer-wrap uagb-faq-item uagb-block-wwn4o1j7 \" role=\"tab\" tabindex=\"0\"><div class=\"uagb-faq-questions-button uagb-faq-questions\">\t\t\t<span class=\"uagb-icon uagb-faq-icon-wrap\">\n\t\t\t\t\t\t\t\t<svg xmlns=\"https:\/\/www.w3.org\/2000\/svg\" viewBox= \"0 0 448 512\"><path d=\"M224 416c-8.188 0-16.38-3.125-22.62-9.375l-192-192c-12.5-12.5-12.5-32.75 0-45.25s32.75-12.5 45.25 0L224 338.8l169.4-169.4c12.5-12.5 32.75-12.5 45.25 0s12.5 32.75 0 45.25l-192 192C240.4 412.9 232.2 416 224 416z\"><\/path><\/svg>\n\t\t\t\t\t\t\t<\/span>\n\t\t\t\t\t\t<span class=\"uagb-icon-active uagb-faq-icon-wrap\">\n\t\t\t\t\t\t\t\t<svg xmlns=\"https:\/\/www.w3.org\/2000\/svg\" viewBox= \"0 0 448 512\"><path d=\"M416 352c-8.188 0-16.38-3.125-22.62-9.375L224 173.3l-169.4 169.4c-12.5 12.5-32.75 12.5-45.25 0s-12.5-32.75 0-45.25l192-192c12.5-12.5 32.75-12.5 45.25 0l192 192c12.5 12.5 12.5 32.75 0 45.25C432.4 348.9 424.2 352 416 352z\"><\/path><\/svg>\n\t\t\t\t\t\t\t<\/span>\n\t\t\t<p class=\"uagb-question\"><strong>Yerinde Destek:<\/strong><\/p><\/div><div class=\"uagb-faq-content\"><p>M\u00fc\u015fteri i\u015fyeri\/ofisinde verilen hizmetlerdir. Periyodik ziyaretler d\u0131\u015f\u0131ndaki yerinde destek talepleri m\u00fc\u015fteri taraf\u0131ndan yap\u0131l\u0131r. Periyodik ziyaret d\u0131\u015f\u0131nda, yak\u0131n destek talebi geldi\u011finde, destek ekibi i\u00e7erisinden uygun olan kaynak planlanabilir. Yerinde destek talepleri, standart hizmet saatleri g\u00f6zetilerek kar\u015f\u0131lan\u0131r.<\/p><\/div><\/div><div class=\"wp-block-uagb-faq-child uagb-faq-child__outer-wrap uagb-faq-item uagb-block-5dwocywx \" role=\"tab\" tabindex=\"0\"><div class=\"uagb-faq-questions-button uagb-faq-questions\">\t\t\t<span class=\"uagb-icon uagb-faq-icon-wrap\">\n\t\t\t\t\t\t\t\t<svg xmlns=\"https:\/\/www.w3.org\/2000\/svg\" viewBox= \"0 0 448 512\"><path d=\"M224 416c-8.188 0-16.38-3.125-22.62-9.375l-192-192c-12.5-12.5-12.5-32.75 0-45.25s32.75-12.5 45.25 0L224 338.8l169.4-169.4c12.5-12.5 32.75-12.5 45.25 0s12.5 32.75 0 45.25l-192 192C240.4 412.9 232.2 416 224 416z\"><\/path><\/svg>\n\t\t\t\t\t\t\t<\/span>\n\t\t\t\t\t\t<span class=\"uagb-icon-active uagb-faq-icon-wrap\">\n\t\t\t\t\t\t\t\t<svg xmlns=\"https:\/\/www.w3.org\/2000\/svg\" viewBox= \"0 0 448 512\"><path d=\"M416 352c-8.188 0-16.38-3.125-22.62-9.375L224 173.3l-169.4 169.4c-12.5 12.5-32.75 12.5-45.25 0s-12.5-32.75 0-45.25l192-192c12.5-12.5 32.75-12.5 45.25 0l192 192c12.5 12.5 12.5 32.75 0 45.25C432.4 348.9 424.2 352 416 352z\"><\/path><\/svg>\n\t\t\t\t\t\t\t<\/span>\n\t\t\t<p class=\"uagb-question\"><strong>Periyodik Ziyaret:\u00a0<\/strong><\/p><\/div><div class=\"uagb-faq-content\"><p>M\u00fc\u015fteri ortam\u0131nda periyodik olarak belirlenmi\u015f tarihlerde yerinde destek verilen hizmetlerdir. Periyodik m\u00fc\u015fteri ziyaretleriyle \u00fcr\u00fcn ve \u00e7al\u0131\u015fma ortam\u0131 g\u00f6zden ge\u00e7irilir. gerekli \u00f6nlemlerin al\u0131nmas\u0131 konusunda dan\u0131\u015fmanl\u0131k hizmeti sunulur ve gerekmesi durumunda sisteme m\u00fcdahale edilebilir.<\/p><\/div><\/div><\/div><\/div>\n\n\n\n<hr class=\"wp-block-separator has-alpha-channel-opacity\"\/>\n\n\n\n<p class=\"has-text-align-center has-text-color has-link-color has-medium-font-size wp-elements-c9a0491da90040cd7dfc690f3627b336\" style=\"color:#f80707\">Destek taleplerinizi a\u015fa\u011f\u0131daki destek paneli \u00fczerinden iletebilirsiniz. <strong>En k\u0131sa s\u00fcrede d\u00f6n\u00fc\u015f sa\u011flanacakt\u0131r.<\/strong><\/p>\n\n\n\n<script type=\"text\/javascript\">\nwindow.$alpemixweb ||( window.$alpemixweb=function()\n{\n  var e = document.createElement( \"script\" );\n  var Departman = \"\";\n  var Param1 = \"\";\n  var Param2 = \"\";\n  e.type=\"text\/javascript\", e.src='https:\/\/www.alpemix.com\/webc\/js\/index.js?FirmaAdi=ERPMUHASEBE&Departman='+ Departman + '&Param1=' + Param1 + '&Param2=' + Param2 + '&t=' + new Date(), e.async=!0;\n  var h = document.getElementsByTagName( \"head\" )[0];\n  h.insertBefore( e,h.firstChild )\n} )();\n<\/script>\n\n\n\n<p><\/p>\n","protected":false},"excerpt":{"rendered":"<p>Destek Hizmetleri Destek taleplerinizi a\u015fa\u011f\u0131daki destek paneli \u00fczerinden iletebilirsiniz. En k\u0131sa s\u00fcrede d\u00f6n\u00fc\u015f sa\u011flanacakt\u0131r.<\/p>\n","protected":false},"author":1,"featured_media":0,"parent":0,"menu_order":0,"comment_status":"closed","ping_status":"closed","template":"","meta":{"zakra_general_container_width":0,"zakra_general_content_width":0,"zakra_general_sidebar_width":0,"zakra_sticky_header":"customizer","zakra_header_main_area":true,"zakra_site_logo_width":0,"zakra_header_top_enabled":"customizer","zakra_header_top_style":"customizer","zakra_primary_menu_item_style":"customizer","zakra_page_header_text_color":"","zakra_page_header_layout":"customizer","zakra_page_title_bg":"","zakra_footer_widgets_bg_image":0,"zakra_page_title_bg_repeat":"customizer","zakra_page_title_bg_position":"customizer","zakra_page_title_bg_size":"customizer","zakra_page_title_bg_attachment":"customizer","zakra_breadcrumbs_enabled":"customizer","zakra_breadcrumbs_text_color":"","zakra_breadcrumbs_separator_color":"","zakra_breadcrumbs_link_color":"","zakra_breadcrumbs_link_hover_color":"","zakra_page_title_bg_image":0,"zakra_footer_widgets_enabled":"customizer","zakra_footer_column_layout_1_style":"customizer","zakra_footer_widgets_bg":"","zakra_footer_widgets_bg_repeat":"customizer","zakra_footer_widgets_bg_position":"customizer","zakra_footer_widgets_bg_size":"customizer","zakra_footer_widgets_bg_attachment":"customizer","zakra_footer_bar_enabled":"customizer","zakra_footer_bar_style":"customizer","zakra_page_container_layout":"customizer","zakra_page_sidebar_layout":"customizer","zakra_remove_content_margin":false,"zakra_sidebar":"customizer","zakra_transparent_header":"customizer","zakra_logo":0,"zakra_main_header_style":"default","zakra_menu_item_color":"","zakra_menu_item_hover_color":"","zakra_menu_item_active_color":"","zakra_menu_active_style":"","zakra_page_header":true,"_uag_custom_page_level_css":"","footnotes":""},"class_list":["post-1575","page","type-page","status-publish","hentry"],"yoast_head":"<!-- This site is optimized with the Yoast SEO plugin v26.4 - https:\/\/yoast.com\/wordpress\/plugins\/seo\/ -->\n<title>Adana - Logo Netsis Dan\u0131\u015fmanl\u0131k Hizmetleri<\/title>\n<meta name=\"description\" content=\"Adana Logo bayi - e-Fatura, e-Ar\u015fiv Fatura, e-\u0130rsaliye, e-Defter \u00c7\u00f6z\u00fcmleri\u200e\" \/>\n<meta name=\"robots\" content=\"index, follow, max-snippet:-1, max-image-preview:large, max-video-preview:-1\" \/>\n<link rel=\"canonical\" href=\"https:\/\/7netbilisim.com\/index.php\/adana-logo-netsis-destek-2\/\" \/>\n<meta property=\"og:locale\" content=\"tr_TR\" \/>\n<meta property=\"og:type\" content=\"article\" \/>\n<meta property=\"og:title\" content=\"Adana - Logo Netsis Dan\u0131\u015fmanl\u0131k Hizmetleri\" \/>\n<meta property=\"og:description\" content=\"Adana Logo bayi - e-Fatura, e-Ar\u015fiv Fatura, e-\u0130rsaliye, e-Defter \u00c7\u00f6z\u00fcmleri\u200e\" \/>\n<meta property=\"og:url\" content=\"https:\/\/7netbilisim.com\/index.php\/adana-logo-netsis-destek-2\/\" \/>\n<meta property=\"article:modified_time\" content=\"2025-11-21T11:20:22+00:00\" \/>\n<meta property=\"og:image\" content=\"https:\/\/7netbilisim.com\/wp-content\/uploads\/2025\/11\/logo_netsis_destek_01-300x97.png\" \/>\n<meta name=\"twitter:card\" content=\"summary_large_image\" \/>\n<meta name=\"twitter:label1\" content=\"Tahmini okuma s\u00fcresi\" \/>\n\t<meta name=\"twitter:data1\" content=\"1 dakika\" \/>\n<script type=\"application\/ld+json\" class=\"yoast-schema-graph\">{\"@context\":\"https:\/\/schema.org\",\"@graph\":[{\"@type\":\"WebPage\",\"@id\":\"https:\/\/7netbilisim.com\/index.php\/adana-logo-netsis-destek-2\/\",\"url\":\"https:\/\/7netbilisim.com\/index.php\/adana-logo-netsis-destek-2\/\",\"name\":\"Adana - Logo Netsis Dan\u0131\u015fmanl\u0131k Hizmetleri\",\"isPartOf\":{\"@id\":\"https:\/\/7netbilisim.com\/#website\"},\"primaryImageOfPage\":{\"@id\":\"https:\/\/7netbilisim.com\/index.php\/adana-logo-netsis-destek-2\/#primaryimage\"},\"image\":{\"@id\":\"https:\/\/7netbilisim.com\/index.php\/adana-logo-netsis-destek-2\/#primaryimage\"},\"thumbnailUrl\":\"https:\/\/7netbilisim.com\/wp-content\/uploads\/2025\/11\/logo_netsis_destek_01-300x97.png\",\"datePublished\":\"2025-11-08T08:07:46+00:00\",\"dateModified\":\"2025-11-21T11:20:22+00:00\",\"description\":\"Adana Logo bayi - e-Fatura, e-Ar\u015fiv Fatura, e-\u0130rsaliye, e-Defter \u00c7\u00f6z\u00fcmleri\u200e\",\"breadcrumb\":{\"@id\":\"https:\/\/7netbilisim.com\/index.php\/adana-logo-netsis-destek-2\/#breadcrumb\"},\"inLanguage\":\"tr\",\"potentialAction\":[{\"@type\":\"ReadAction\",\"target\":[\"https:\/\/7netbilisim.com\/index.php\/adana-logo-netsis-destek-2\/\"]}]},{\"@type\":\"ImageObject\",\"inLanguage\":\"tr\",\"@id\":\"https:\/\/7netbilisim.com\/index.php\/adana-logo-netsis-destek-2\/#primaryimage\",\"url\":\"https:\/\/7netbilisim.com\/wp-content\/uploads\/2025\/11\/logo_netsis_destek_01.png\",\"contentUrl\":\"https:\/\/7netbilisim.com\/wp-content\/uploads\/2025\/11\/logo_netsis_destek_01.png\",\"width\":487,\"height\":158},{\"@type\":\"BreadcrumbList\",\"@id\":\"https:\/\/7netbilisim.com\/index.php\/adana-logo-netsis-destek-2\/#breadcrumb\",\"itemListElement\":[{\"@type\":\"ListItem\",\"position\":1,\"name\":\"Ana sayfa\",\"item\":\"https:\/\/7netbilisim.com\/\"},{\"@type\":\"ListItem\",\"position\":2,\"name\":\"Destek\"}]},{\"@type\":\"WebSite\",\"@id\":\"https:\/\/7netbilisim.com\/#website\",\"url\":\"https:\/\/7netbilisim.com\/\",\"name\":\"\",\"description\":\"\",\"publisher\":{\"@id\":\"https:\/\/7netbilisim.com\/#organization\"},\"potentialAction\":[{\"@type\":\"SearchAction\",\"target\":{\"@type\":\"EntryPoint\",\"urlTemplate\":\"https:\/\/7netbilisim.com\/?s={search_term_string}\"},\"query-input\":{\"@type\":\"PropertyValueSpecification\",\"valueRequired\":true,\"valueName\":\"search_term_string\"}}],\"inLanguage\":\"tr\"},{\"@type\":\"Organization\",\"@id\":\"https:\/\/7netbilisim.com\/#organization\",\"name\":\"7NET Bili\u015fim Yaz\u0131l\u0131m ve Dan\u0131\u015fmanl\u0131k Hizmetleri\",\"url\":\"https:\/\/7netbilisim.com\/\",\"logo\":{\"@type\":\"ImageObject\",\"inLanguage\":\"tr\",\"@id\":\"https:\/\/7netbilisim.com\/#\/schema\/logo\/image\/\",\"url\":\"https:\/\/7netbilisim.com\/wp-content\/uploads\/2019\/10\/225.png\",\"contentUrl\":\"https:\/\/7netbilisim.com\/wp-content\/uploads\/2019\/10\/225.png\",\"width\":224,\"height\":48,\"caption\":\"7NET Bili\u015fim Yaz\u0131l\u0131m ve Dan\u0131\u015fmanl\u0131k Hizmetleri\"},\"image\":{\"@id\":\"https:\/\/7netbilisim.com\/#\/schema\/logo\/image\/\"}}]}<\/script>\n<!-- \/ Yoast SEO plugin. -->","yoast_head_json":{"title":"Adana - Logo Netsis Dan\u0131\u015fmanl\u0131k Hizmetleri","description":"Adana Logo bayi - e-Fatura, e-Ar\u015fiv Fatura, e-\u0130rsaliye, e-Defter \u00c7\u00f6z\u00fcmleri\u200e","robots":{"index":"index","follow":"follow","max-snippet":"max-snippet:-1","max-image-preview":"max-image-preview:large","max-video-preview":"max-video-preview:-1"},"canonical":"https:\/\/7netbilisim.com\/index.php\/adana-logo-netsis-destek-2\/","og_locale":"tr_TR","og_type":"article","og_title":"Adana - Logo Netsis Dan\u0131\u015fmanl\u0131k Hizmetleri","og_description":"Adana Logo bayi - e-Fatura, e-Ar\u015fiv Fatura, e-\u0130rsaliye, e-Defter \u00c7\u00f6z\u00fcmleri\u200e","og_url":"https:\/\/7netbilisim.com\/index.php\/adana-logo-netsis-destek-2\/","article_modified_time":"2025-11-21T11:20:22+00:00","og_image":[{"url":"https:\/\/7netbilisim.com\/wp-content\/uploads\/2025\/11\/logo_netsis_destek_01-300x97.png","type":"","width":"","height":""}],"twitter_card":"summary_large_image","twitter_misc":{"Tahmini okuma s\u00fcresi":"1 dakika"},"schema":{"@context":"https:\/\/schema.org","@graph":[{"@type":"WebPage","@id":"https:\/\/7netbilisim.com\/index.php\/adana-logo-netsis-destek-2\/","url":"https:\/\/7netbilisim.com\/index.php\/adana-logo-netsis-destek-2\/","name":"Adana - Logo Netsis Dan\u0131\u015fmanl\u0131k Hizmetleri","isPartOf":{"@id":"https:\/\/7netbilisim.com\/#website"},"primaryImageOfPage":{"@id":"https:\/\/7netbilisim.com\/index.php\/adana-logo-netsis-destek-2\/#primaryimage"},"image":{"@id":"https:\/\/7netbilisim.com\/index.php\/adana-logo-netsis-destek-2\/#primaryimage"},"thumbnailUrl":"https:\/\/7netbilisim.com\/wp-content\/uploads\/2025\/11\/logo_netsis_destek_01-300x97.png","datePublished":"2025-11-08T08:07:46+00:00","dateModified":"2025-11-21T11:20:22+00:00","description":"Adana Logo bayi - e-Fatura, e-Ar\u015fiv Fatura, e-\u0130rsaliye, e-Defter \u00c7\u00f6z\u00fcmleri\u200e","breadcrumb":{"@id":"https:\/\/7netbilisim.com\/index.php\/adana-logo-netsis-destek-2\/#breadcrumb"},"inLanguage":"tr","potentialAction":[{"@type":"ReadAction","target":["https:\/\/7netbilisim.com\/index.php\/adana-logo-netsis-destek-2\/"]}]},{"@type":"ImageObject","inLanguage":"tr","@id":"https:\/\/7netbilisim.com\/index.php\/adana-logo-netsis-destek-2\/#primaryimage","url":"https:\/\/7netbilisim.com\/wp-content\/uploads\/2025\/11\/logo_netsis_destek_01.png","contentUrl":"https:\/\/7netbilisim.com\/wp-content\/uploads\/2025\/11\/logo_netsis_destek_01.png","width":487,"height":158},{"@type":"BreadcrumbList","@id":"https:\/\/7netbilisim.com\/index.php\/adana-logo-netsis-destek-2\/#breadcrumb","itemListElement":[{"@type":"ListItem","position":1,"name":"Ana sayfa","item":"https:\/\/7netbilisim.com\/"},{"@type":"ListItem","position":2,"name":"Destek"}]},{"@type":"WebSite","@id":"https:\/\/7netbilisim.com\/#website","url":"https:\/\/7netbilisim.com\/","name":"","description":"","publisher":{"@id":"https:\/\/7netbilisim.com\/#organization"},"potentialAction":[{"@type":"SearchAction","target":{"@type":"EntryPoint","urlTemplate":"https:\/\/7netbilisim.com\/?s={search_term_string}"},"query-input":{"@type":"PropertyValueSpecification","valueRequired":true,"valueName":"search_term_string"}}],"inLanguage":"tr"},{"@type":"Organization","@id":"https:\/\/7netbilisim.com\/#organization","name":"7NET Bili\u015fim Yaz\u0131l\u0131m ve Dan\u0131\u015fmanl\u0131k Hizmetleri","url":"https:\/\/7netbilisim.com\/","logo":{"@type":"ImageObject","inLanguage":"tr","@id":"https:\/\/7netbilisim.com\/#\/schema\/logo\/image\/","url":"https:\/\/7netbilisim.com\/wp-content\/uploads\/2019\/10\/225.png","contentUrl":"https:\/\/7netbilisim.com\/wp-content\/uploads\/2019\/10\/225.png","width":224,"height":48,"caption":"7NET Bili\u015fim Yaz\u0131l\u0131m ve Dan\u0131\u015fmanl\u0131k Hizmetleri"},"image":{"@id":"https:\/\/7netbilisim.com\/#\/schema\/logo\/image\/"}}]}},"uagb_featured_image_src":{"full":false,"thumbnail":false,"medium":false,"medium_large":false,"large":false,"1536x1536":false,"2048x2048":false,"zakra-thumb-size-one":false,"zakra-thumb-size-two":false},"uagb_author_info":{"display_name":"admin","author_link":"https:\/\/7netbilisim.com\/index.php\/author\/netyedi01\/"},"uagb_comment_info":0,"uagb_excerpt":"Destek Hizmetleri Destek taleplerinizi a\u015fa\u011f\u0131daki destek paneli \u00fczerinden iletebilirsiniz. En k\u0131sa s\u00fcrede d\u00f6n\u00fc\u015f sa\u011flanacakt\u0131r.","_links":{"self":[{"href":"https:\/\/7netbilisim.com\/index.php\/wp-json\/wp\/v2\/pages\/1575","targetHints":{"allow":["GET"]}}],"collection":[{"href":"https:\/\/7netbilisim.com\/index.php\/wp-json\/wp\/v2\/pages"}],"about":[{"href":"https:\/\/7netbilisim.com\/index.php\/wp-json\/wp\/v2\/types\/page"}],"author":[{"embeddable":true,"href":"https:\/\/7netbilisim.com\/index.php\/wp-json\/wp\/v2\/users\/1"}],"replies":[{"embeddable":true,"href":"https:\/\/7netbilisim.com\/index.php\/wp-json\/wp\/v2\/comments?post=1575"}],"version-history":[{"count":39,"href":"https:\/\/7netbilisim.com\/index.php\/wp-json\/wp\/v2\/pages\/1575\/revisions"}],"predecessor-version":[{"id":2088,"href":"https:\/\/7netbilisim.com\/index.php\/wp-json\/wp\/v2\/pages\/1575\/revisions\/2088"}],"wp:attachment":[{"href":"https:\/\/7netbilisim.com\/index.php\/wp-json\/wp\/v2\/media?parent=1575"}],"curies":[{"name":"wp","href":"https:\/\/api.w.org\/{rel}","templated":true}]}}