{"id":1657,"date":"2025-11-08T19:32:26","date_gmt":"2025-11-08T16:32:26","guid":{"rendered":"https:\/\/7netbilisim.com\/?page_id=1657"},"modified":"2025-11-16T21:16:46","modified_gmt":"2025-11-16T18:16:46","slug":"kvkk-aydinlatma-metni","status":"publish","type":"page","link":"https:\/\/7netbilisim.com\/index.php\/kvkk-aydinlatma-metni\/","title":{"rendered":"KVKK Ayd\u0131nlatma Metni"},"content":{"rendered":"\n<p><\/p>\n\n\n\n<div class=\"wp-block-uagb-container uagb-block-kwimoawu alignfull uagb-is-root-container\"><div class=\"uagb-container-inner-blocks-wrap\">\n<div class=\"wp-block-uagb-info-box uagb-block-faswfsde uagb-infobox__content-wrap  uagb-infobox-icon-above-title uagb-infobox-image-valign-top wp-block-uagb-info-box--has-margin\"><div class=\"uagb-infobox-margin-wrapper\"><div class=\"uagb-ifb-content\"><div class=\"uagb-ifb-title-wrap\"><h4 class=\"uagb-ifb-title\"><strong>6698 Say\u0131l\u0131 Ki\u015fisel Verilerin Korunmas\u0131 Kanunu Uyar\u0131nca Ayd\u0131nlatma Metni<\/strong><\/h4><\/div><div class=\"uagb-ifb-desc\">\n<p><strong>Firmam\u0131z ki\u015fisel verilerinizi i\u015fleme konusundaki taahh\u00fctlerini a\u00e7\u0131klamak i\u00e7in bu metni sunar. <\/strong><\/p>\n\n\n\n<p>Ki\u015fisel verileriniz, KVKK ve ilgili mevzuata uygun olarak korunmaktad\u0131r.<br>Ki\u015fisel verileriniz, yaln\u0131zca hizmetlerimizi sunmak, geli\u015ftirmek, ileti\u015fim kurmak ve yasal gereklilikleri yerine getirmek amac\u0131yla kullan\u0131lmaktad\u0131r. Verileriniz \u00fc\u00e7\u00fcnc\u00fc ki\u015filerle payla\u015f\u0131lmamaktad\u0131r.<br>Ki\u015fisel veri sahipleri olarak, ki\u015fisel verilerinizin i\u015flenmesi hakk\u0131nda d\u00fczeltme, silme, i\u015flemeyi s\u0131n\u0131rland\u0131rma vb. baz\u0131 haklara sahipsiniz. Bu haklar\u0131n\u0131z\u0131 kullanmak veya daha fazla bilgi almak i\u00e7in bizimle ileti\u015fime ge\u00e7ebilirsiniz.<\/p>\n<\/div><\/div><\/div><\/div>\n<\/div><\/div>\n","protected":false},"excerpt":{"rendered":"","protected":false},"author":1,"featured_media":0,"parent":0,"menu_order":0,"comment_status":"closed","ping_status":"closed","template":"","meta":{"zakra_general_container_width":0,"zakra_general_content_width":0,"zakra_general_sidebar_width":0,"zakra_sticky_header":"customizer","zakra_header_main_area":true,"zakra_site_logo_width":0,"zakra_header_top_enabled":"customizer","zakra_header_top_style":"customizer","zakra_primary_menu_item_style":"customizer","zakra_page_header_text_color":"","zakra_page_header_layout":"customizer","zakra_page_title_bg":"","zakra_footer_widgets_bg_image":0,"zakra_page_title_bg_repeat":"customizer","zakra_page_title_bg_position":"customizer","zakra_page_title_bg_size":"customizer","zakra_page_title_bg_attachment":"customizer","zakra_breadcrumbs_enabled":"customizer","zakra_breadcrumbs_text_color":"","zakra_breadcrumbs_separator_color":"","zakra_breadcrumbs_link_color":"","zakra_breadcrumbs_link_hover_color":"","zakra_page_title_bg_image":0,"zakra_footer_widgets_enabled":"customizer","zakra_footer_column_layout_1_style":"customizer","zakra_footer_widgets_bg":"","zakra_footer_widgets_bg_repeat":"customizer","zakra_footer_widgets_bg_position":"customizer","zakra_footer_widgets_bg_size":"customizer","zakra_footer_widgets_bg_attachment":"customizer","zakra_footer_bar_enabled":"customizer","zakra_footer_bar_style":"customizer","zakra_page_container_layout":"customizer","zakra_page_sidebar_layout":"customizer","zakra_remove_content_margin":false,"zakra_sidebar":"customizer","zakra_transparent_header":"customizer","zakra_logo":0,"zakra_main_header_style":"default","zakra_menu_item_color":"","zakra_menu_item_hover_color":"","zakra_menu_item_active_color":"","zakra_menu_active_style":"","zakra_page_header":true,"_uag_custom_page_level_css":"","footnotes":""},"class_list":["post-1657","page","type-page","status-publish","hentry"],"yoast_head":"<!-- This site is optimized with the Yoast SEO plugin v26.4 - https:\/\/yoast.com\/wordpress\/plugins\/seo\/ -->\n<title>Adana - Logo Destek Hizmetleri<\/title>\n<meta name=\"description\" content=\"Adana Logo bayi - e-Fatura, e-Ar\u015fiv Fatura, e-\u0130rsaliye, e-Defter \u00c7\u00f6z\u00fcmleri\u200e\" \/>\n<meta name=\"robots\" content=\"index, follow, max-snippet:-1, max-image-preview:large, max-video-preview:-1\" \/>\n<link rel=\"canonical\" href=\"https:\/\/7netbilisim.com\/index.php\/kvkk-aydinlatma-metni\/\" \/>\n<meta property=\"og:locale\" content=\"tr_TR\" \/>\n<meta property=\"og:type\" content=\"article\" \/>\n<meta property=\"og:title\" content=\"Adana - Logo Destek Hizmetleri\" \/>\n<meta property=\"og:description\" content=\"Adana Logo bayi - e-Fatura, e-Ar\u015fiv Fatura, e-\u0130rsaliye, e-Defter \u00c7\u00f6z\u00fcmleri\u200e\" \/>\n<meta property=\"og:url\" content=\"https:\/\/7netbilisim.com\/index.php\/kvkk-aydinlatma-metni\/\" \/>\n<meta property=\"article:modified_time\" content=\"2025-11-16T18:16:46+00:00\" \/>\n<meta name=\"twitter:card\" content=\"summary_large_image\" \/>\n<meta name=\"twitter:label1\" content=\"Tahmini okuma s\u00fcresi\" \/>\n\t<meta name=\"twitter:data1\" content=\"1 dakika\" \/>\n<script type=\"application\/ld+json\" class=\"yoast-schema-graph\">{\"@context\":\"https:\/\/schema.org\",\"@graph\":[{\"@type\":\"WebPage\",\"@id\":\"https:\/\/7netbilisim.com\/index.php\/kvkk-aydinlatma-metni\/\",\"url\":\"https:\/\/7netbilisim.com\/index.php\/kvkk-aydinlatma-metni\/\",\"name\":\"Adana - Logo Destek Hizmetleri\",\"isPartOf\":{\"@id\":\"https:\/\/7netbilisim.com\/#website\"},\"datePublished\":\"2025-11-08T16:32:26+00:00\",\"dateModified\":\"2025-11-16T18:16:46+00:00\",\"description\":\"Adana Logo bayi - e-Fatura, e-Ar\u015fiv Fatura, e-\u0130rsaliye, e-Defter \u00c7\u00f6z\u00fcmleri\u200e\",\"breadcrumb\":{\"@id\":\"https:\/\/7netbilisim.com\/index.php\/kvkk-aydinlatma-metni\/#breadcrumb\"},\"inLanguage\":\"tr\",\"potentialAction\":[{\"@type\":\"ReadAction\",\"target\":[\"https:\/\/7netbilisim.com\/index.php\/kvkk-aydinlatma-metni\/\"]}]},{\"@type\":\"BreadcrumbList\",\"@id\":\"https:\/\/7netbilisim.com\/index.php\/kvkk-aydinlatma-metni\/#breadcrumb\",\"itemListElement\":[{\"@type\":\"ListItem\",\"position\":1,\"name\":\"Ana sayfa\",\"item\":\"https:\/\/7netbilisim.com\/\"},{\"@type\":\"ListItem\",\"position\":2,\"name\":\"KVKK Ayd\u0131nlatma Metni\"}]},{\"@type\":\"WebSite\",\"@id\":\"https:\/\/7netbilisim.com\/#website\",\"url\":\"https:\/\/7netbilisim.com\/\",\"name\":\"\",\"description\":\"\",\"publisher\":{\"@id\":\"https:\/\/7netbilisim.com\/#organization\"},\"potentialAction\":[{\"@type\":\"SearchAction\",\"target\":{\"@type\":\"EntryPoint\",\"urlTemplate\":\"https:\/\/7netbilisim.com\/?s={search_term_string}\"},\"query-input\":{\"@type\":\"PropertyValueSpecification\",\"valueRequired\":true,\"valueName\":\"search_term_string\"}}],\"inLanguage\":\"tr\"},{\"@type\":\"Organization\",\"@id\":\"https:\/\/7netbilisim.com\/#organization\",\"name\":\"7NET Bili\u015fim Yaz\u0131l\u0131m ve Dan\u0131\u015fmanl\u0131k Hizmetleri\",\"url\":\"https:\/\/7netbilisim.com\/\",\"logo\":{\"@type\":\"ImageObject\",\"inLanguage\":\"tr\",\"@id\":\"https:\/\/7netbilisim.com\/#\/schema\/logo\/image\/\",\"url\":\"https:\/\/7netbilisim.com\/wp-content\/uploads\/2019\/10\/225.png\",\"contentUrl\":\"https:\/\/7netbilisim.com\/wp-content\/uploads\/2019\/10\/225.png\",\"width\":224,\"height\":48,\"caption\":\"7NET Bili\u015fim Yaz\u0131l\u0131m ve Dan\u0131\u015fmanl\u0131k Hizmetleri\"},\"image\":{\"@id\":\"https:\/\/7netbilisim.com\/#\/schema\/logo\/image\/\"}}]}<\/script>\n<!-- \/ Yoast SEO plugin. -->","yoast_head_json":{"title":"Adana - Logo Destek Hizmetleri","description":"Adana Logo bayi - e-Fatura, e-Ar\u015fiv Fatura, e-\u0130rsaliye, e-Defter \u00c7\u00f6z\u00fcmleri\u200e","robots":{"index":"index","follow":"follow","max-snippet":"max-snippet:-1","max-image-preview":"max-image-preview:large","max-video-preview":"max-video-preview:-1"},"canonical":"https:\/\/7netbilisim.com\/index.php\/kvkk-aydinlatma-metni\/","og_locale":"tr_TR","og_type":"article","og_title":"Adana - Logo Destek Hizmetleri","og_description":"Adana Logo bayi - e-Fatura, e-Ar\u015fiv Fatura, e-\u0130rsaliye, e-Defter \u00c7\u00f6z\u00fcmleri\u200e","og_url":"https:\/\/7netbilisim.com\/index.php\/kvkk-aydinlatma-metni\/","article_modified_time":"2025-11-16T18:16:46+00:00","twitter_card":"summary_large_image","twitter_misc":{"Tahmini okuma s\u00fcresi":"1 dakika"},"schema":{"@context":"https:\/\/schema.org","@graph":[{"@type":"WebPage","@id":"https:\/\/7netbilisim.com\/index.php\/kvkk-aydinlatma-metni\/","url":"https:\/\/7netbilisim.com\/index.php\/kvkk-aydinlatma-metni\/","name":"Adana - Logo Destek Hizmetleri","isPartOf":{"@id":"https:\/\/7netbilisim.com\/#website"},"datePublished":"2025-11-08T16:32:26+00:00","dateModified":"2025-11-16T18:16:46+00:00","description":"Adana Logo bayi - e-Fatura, e-Ar\u015fiv Fatura, e-\u0130rsaliye, e-Defter \u00c7\u00f6z\u00fcmleri\u200e","breadcrumb":{"@id":"https:\/\/7netbilisim.com\/index.php\/kvkk-aydinlatma-metni\/#breadcrumb"},"inLanguage":"tr","potentialAction":[{"@type":"ReadAction","target":["https:\/\/7netbilisim.com\/index.php\/kvkk-aydinlatma-metni\/"]}]},{"@type":"BreadcrumbList","@id":"https:\/\/7netbilisim.com\/index.php\/kvkk-aydinlatma-metni\/#breadcrumb","itemListElement":[{"@type":"ListItem","position":1,"name":"Ana sayfa","item":"https:\/\/7netbilisim.com\/"},{"@type":"ListItem","position":2,"name":"KVKK Ayd\u0131nlatma Metni"}]},{"@type":"WebSite","@id":"https:\/\/7netbilisim.com\/#website","url":"https:\/\/7netbilisim.com\/","name":"","description":"","publisher":{"@id":"https:\/\/7netbilisim.com\/#organization"},"potentialAction":[{"@type":"SearchAction","target":{"@type":"EntryPoint","urlTemplate":"https:\/\/7netbilisim.com\/?s={search_term_string}"},"query-input":{"@type":"PropertyValueSpecification","valueRequired":true,"valueName":"search_term_string"}}],"inLanguage":"tr"},{"@type":"Organization","@id":"https:\/\/7netbilisim.com\/#organization","name":"7NET Bili\u015fim Yaz\u0131l\u0131m ve Dan\u0131\u015fmanl\u0131k Hizmetleri","url":"https:\/\/7netbilisim.com\/","logo":{"@type":"ImageObject","inLanguage":"tr","@id":"https:\/\/7netbilisim.com\/#\/schema\/logo\/image\/","url":"https:\/\/7netbilisim.com\/wp-content\/uploads\/2019\/10\/225.png","contentUrl":"https:\/\/7netbilisim.com\/wp-content\/uploads\/2019\/10\/225.png","width":224,"height":48,"caption":"7NET Bili\u015fim Yaz\u0131l\u0131m ve Dan\u0131\u015fmanl\u0131k Hizmetleri"},"image":{"@id":"https:\/\/7netbilisim.com\/#\/schema\/logo\/image\/"}}]}},"uagb_featured_image_src":{"full":false,"thumbnail":false,"medium":false,"medium_large":false,"large":false,"1536x1536":false,"2048x2048":false,"zakra-thumb-size-one":false,"zakra-thumb-size-two":false},"uagb_author_info":{"display_name":"admin","author_link":"https:\/\/7netbilisim.com\/index.php\/author\/netyedi01\/"},"uagb_comment_info":0,"uagb_excerpt":null,"_links":{"self":[{"href":"https:\/\/7netbilisim.com\/index.php\/wp-json\/wp\/v2\/pages\/1657","targetHints":{"allow":["GET"]}}],"collection":[{"href":"https:\/\/7netbilisim.com\/index.php\/wp-json\/wp\/v2\/pages"}],"about":[{"href":"https:\/\/7netbilisim.com\/index.php\/wp-json\/wp\/v2\/types\/page"}],"author":[{"embeddable":true,"href":"https:\/\/7netbilisim.com\/index.php\/wp-json\/wp\/v2\/users\/1"}],"replies":[{"embeddable":true,"href":"https:\/\/7netbilisim.com\/index.php\/wp-json\/wp\/v2\/comments?post=1657"}],"version-history":[{"count":11,"href":"https:\/\/7netbilisim.com\/index.php\/wp-json\/wp\/v2\/pages\/1657\/revisions"}],"predecessor-version":[{"id":1896,"href":"https:\/\/7netbilisim.com\/index.php\/wp-json\/wp\/v2\/pages\/1657\/revisions\/1896"}],"wp:attachment":[{"href":"https:\/\/7netbilisim.com\/index.php\/wp-json\/wp\/v2\/media?parent=1657"}],"curies":[{"name":"wp","href":"https:\/\/api.w.org\/{rel}","templated":true}]}}