{"id":268,"date":"2025-11-08T14:49:50","date_gmt":"2025-11-08T11:49:50","guid":{"rendered":"https:\/\/digital-marketing-02.sites.qsandbox.com\/?page_id=268"},"modified":"2026-01-19T17:04:11","modified_gmt":"2026-01-19T14:04:11","slug":"iletisim","status":"publish","type":"page","link":"https:\/\/7netbilisim.com\/index.php\/iletisim\/","title":{"rendered":"\u0130leti\u015fim"},"content":{"rendered":"\n<div class=\"wp-block-uagb-container uagb-block-nhsklbyy alignfull uagb-is-root-container\"><div class=\"uagb-container-inner-blocks-wrap\">\n<div class=\"wp-block-uagb-container uagb-block-zgxqwbez\">\n<div class=\"wp-block-uagb-info-box uagb-block-2hozxeoq uagb-infobox__content-wrap  uagb-infobox-icon-above-title uagb-infobox-image-valign-top\"><div class=\"uagb-ifb-content\"><div class=\"uagb-ifb-title-wrap\"><h2 class=\"uagb-ifb-title\">Bize Ula\u015f\u0131n<\/h2><\/div><p class=\"uagb-ifb-desc\">Soru ve \u00f6nerileriniz&nbsp;i\u00e7in bize ula\u015f\u0131n.<br>\u00c7al\u0131\u015fma Saatlerimiz: Pazartesi\u2013Cuma, 09:00 \u2013 18:00<\/p><\/div><\/div>\n\n\n\n<div class=\"wp-block-uagb-container uagb-block-0xswutza\">\n<div class=\"wp-block-uagb-info-box uagb-block-fujarewe uagb-infobox__content-wrap  uagb-infobox-icon-left-title uagb-infobox-left uagb-infobox-image-valign-top\"><div class=\"uagb-ifb-content\"><div class=\"uagb-ifb-left-title-image\"><div class=\"uagb-ifb-icon-wrap\"><svg xmlns=\"https:\/\/www.w3.org\/2000\/svg\" viewBox=\"0 0 384 512\"><path d=\"M168.3 499.2C116.1 435 0 279.4 0 192C0 85.96 85.96 0 192 0C298 0 384 85.96 384 192C384 279.4 267 435 215.7 499.2C203.4 514.5 180.6 514.5 168.3 499.2H168.3zM192 256C227.3 256 256 227.3 256 192C256 156.7 227.3 128 192 128C156.7 128 128 156.7 128 192C128 227.3 156.7 256 192 256z\"><\/path><\/svg><\/div><div class=\"uagb-ifb-title-wrap\"><p class=\"uagb-ifb-title\">Adres<\/p><\/div><\/div><p class=\"uagb-ifb-desc\">Karasoku Mah. K\u0131z\u0131lay Cad. No:33 Murat G\u00fcler \u0130\u015fhan\u0131 Kat:6 D.21  Seyhan\/ADANA<\/p><\/div><\/div>\n\n\n\n<div class=\"wp-block-uagb-info-box uagb-block-jg3p9em7 uagb-infobox__content-wrap  uagb-infobox-icon-left-title uagb-infobox-left uagb-infobox-image-valign-top\"><div class=\"uagb-ifb-content\"><div class=\"uagb-ifb-left-title-image\"><div class=\"uagb-ifb-icon-wrap\"><svg xmlns=\"https:\/\/www.w3.org\/2000\/svg\" viewBox=\"0 0 512 512\"><path d=\"M511.2 387l-23.25 100.8c-3.266 14.25-15.79 24.22-30.46 24.22C205.2 512 0 306.8 0 54.5c0-14.66 9.969-27.2 24.22-30.45l100.8-23.25C139.7-2.602 154.7 5.018 160.8 18.92l46.52 108.5c5.438 12.78 1.77 27.67-8.98 36.45L144.5 207.1c33.98 69.22 90.26 125.5 159.5 159.5l44.08-53.8c8.688-10.78 23.69-14.51 36.47-8.975l108.5 46.51C506.1 357.2 514.6 372.4 511.2 387z\"><\/path><\/svg><\/div><div class=\"uagb-ifb-title-wrap\"><p class=\"uagb-ifb-title\">Telefon<\/p><\/div><\/div><\/div><\/div>\n\n\n\n<div class=\"wp-block-uagb-info-box uagb-block-wuzvd3vf uagb-infobox__content-wrap  uagb-infobox-icon-left-title uagb-infobox-left uagb-infobox-image-valign-top\"><div class=\"uagb-ifb-content\"><div class=\"uagb-ifb-left-title-image\"><div class=\"uagb-ifb-icon-wrap\"><svg xmlns=\"https:\/\/www.w3.org\/2000\/svg\" viewBox=\"0 0 512 512\"><path d=\"M464 64C490.5 64 512 85.49 512 112C512 127.1 504.9 141.3 492.8 150.4L275.2 313.6C263.8 322.1 248.2 322.1 236.8 313.6L19.2 150.4C7.113 141.3 0 127.1 0 112C0 85.49 21.49 64 48 64H464zM217.6 339.2C240.4 356.3 271.6 356.3 294.4 339.2L512 176V384C512 419.3 483.3 448 448 448H64C28.65 448 0 419.3 0 384V176L217.6 339.2z\"><\/path><\/svg><\/div><div class=\"uagb-ifb-title-wrap\"><p class=\"uagb-ifb-title\">Eposta<\/p><\/div><\/div><p class=\"uagb-ifb-desc\">destek@7netbilisim.com<\/p><\/div><\/div>\n<\/div>\n<\/div>\n<\/div><\/div>\n\n\n\n<iframe loading=\"lazy\" src=\"https:\/\/www.google.com\/maps\/embed?pb=!1m14!1m8!1m3!1d6374.048613555254!2d35.328031!3d36.985353!3m2!1i1024!2i768!4f13.1!3m3!1m2!1s0x15288f612369d179%3A0x622cb24c335a3998!2sKarasoku%2C%20K%C4%B1z%C4%B1lay%20Cd.%20No%3A33%2C%2001010%20Seyhan%2FAdana!5e0!3m2!1str!2str!4v1592757518757!5m2!1str!2str\" width=\"1800\" height=\"450\" frameborder=\"0\" style=\"border:0;\" allowfullscreen=\"\" aria-hidden=\"false\" tabindex=\"0\"><\/iframe>\n\n\n\n<script type=\"text\/javascript\">\r\nwindow.$alpemixweb ||( window.$alpemixweb=function()\r\n{\r\n  var e = document.createElement( \"script\" );\r\n  var Departman = \"\";\r\n  var Param1 = \"\";\r\n  var Param2 = \"\";\r\n  e.type=\"text\/javascript\", e.src='https:\/\/www.alpemix.com\/webc\/js\/index.js?FirmaAdi=ERPMUHASEBE&Departman='+ Departman + '&Param1=' + Param1 + '&Param2=' + Param2 + '&t=' + new Date(), e.async=!0;\r\n  var h = document.getElementsByTagName( \"head\" )[0];\r\n  h.insertBefore( e,h.firstChild )\r\n} )();\r\n<\/script>\n","protected":false},"excerpt":{"rendered":"","protected":false},"author":1,"featured_media":0,"parent":0,"menu_order":0,"comment_status":"closed","ping_status":"closed","template":"page-templates\/pagebuilder.php","meta":{"zakra_general_container_width":0,"zakra_general_content_width":0,"zakra_general_sidebar_width":0,"zakra_sticky_header":"customizer","zakra_header_main_area":true,"zakra_site_logo_width":0,"zakra_header_top_enabled":"customizer","zakra_header_top_style":"customizer","zakra_primary_menu_item_style":"customizer","zakra_page_header_text_color":"","zakra_page_header_layout":"customizer","zakra_page_title_bg":"","zakra_footer_widgets_bg_image":0,"zakra_page_title_bg_repeat":"customizer","zakra_page_title_bg_position":"customizer","zakra_page_title_bg_size":"customizer","zakra_page_title_bg_attachment":"customizer","zakra_breadcrumbs_enabled":"customizer","zakra_breadcrumbs_text_color":"","zakra_breadcrumbs_separator_color":"","zakra_breadcrumbs_link_color":"","zakra_breadcrumbs_link_hover_color":"","zakra_page_title_bg_image":0,"zakra_footer_widgets_enabled":"customizer","zakra_footer_column_layout_1_style":"customizer","zakra_footer_widgets_bg":"","zakra_footer_widgets_bg_repeat":"customizer","zakra_footer_widgets_bg_position":"customizer","zakra_footer_widgets_bg_size":"customizer","zakra_footer_widgets_bg_attachment":"customizer","zakra_footer_bar_enabled":"customizer","zakra_footer_bar_style":"customizer","zakra_page_container_layout":"stretched","zakra_page_sidebar_layout":"no_sidebar","zakra_remove_content_margin":false,"zakra_sidebar":"customizer","zakra_transparent_header":"customizer","zakra_logo":0,"zakra_main_header_style":"default","zakra_menu_item_color":"","zakra_menu_item_hover_color":"","zakra_menu_item_active_color":"","zakra_menu_active_style":"","zakra_page_header":true,"_uag_custom_page_level_css":"","footnotes":""},"class_list":["post-268","page","type-page","status-publish","hentry"],"yoast_head":"<!-- This site is optimized with the Yoast SEO plugin v26.4 - https:\/\/yoast.com\/wordpress\/plugins\/seo\/ -->\n<title>Adana - Logo Destek Hizmetleri<\/title>\n<meta name=\"description\" content=\"Adana Logo bayi - e-Fatura, e-Ar\u015fiv Fatura, e-\u0130rsaliye, e-Defter \u00c7\u00f6z\u00fcmleri\u200e\" \/>\n<meta name=\"robots\" content=\"index, follow, max-snippet:-1, max-image-preview:large, max-video-preview:-1\" \/>\n<link rel=\"canonical\" href=\"https:\/\/7netbilisim.com\/index.php\/iletisim\/\" \/>\n<meta property=\"og:locale\" content=\"tr_TR\" \/>\n<meta property=\"og:type\" content=\"article\" \/>\n<meta property=\"og:title\" content=\"Adana - Logo Destek Hizmetleri\" \/>\n<meta property=\"og:description\" content=\"Adana Logo bayi - e-Fatura, e-Ar\u015fiv Fatura, e-\u0130rsaliye, e-Defter \u00c7\u00f6z\u00fcmleri\u200e\" \/>\n<meta property=\"og:url\" content=\"https:\/\/7netbilisim.com\/index.php\/iletisim\/\" \/>\n<meta property=\"article:modified_time\" content=\"2026-01-19T14:04:11+00:00\" \/>\n<meta name=\"twitter:card\" content=\"summary_large_image\" \/>\n<meta name=\"twitter:label1\" content=\"Tahmini okuma s\u00fcresi\" \/>\n\t<meta name=\"twitter:data1\" content=\"1 dakika\" \/>\n<script type=\"application\/ld+json\" class=\"yoast-schema-graph\">{\"@context\":\"https:\/\/schema.org\",\"@graph\":[{\"@type\":\"WebPage\",\"@id\":\"https:\/\/7netbilisim.com\/index.php\/iletisim\/\",\"url\":\"https:\/\/7netbilisim.com\/index.php\/iletisim\/\",\"name\":\"Adana - Logo Destek Hizmetleri\",\"isPartOf\":{\"@id\":\"https:\/\/7netbilisim.com\/#website\"},\"datePublished\":\"2025-11-08T11:49:50+00:00\",\"dateModified\":\"2026-01-19T14:04:11+00:00\",\"description\":\"Adana Logo bayi - e-Fatura, e-Ar\u015fiv Fatura, e-\u0130rsaliye, e-Defter \u00c7\u00f6z\u00fcmleri\u200e\",\"breadcrumb\":{\"@id\":\"https:\/\/7netbilisim.com\/index.php\/iletisim\/#breadcrumb\"},\"inLanguage\":\"tr\",\"potentialAction\":[{\"@type\":\"ReadAction\",\"target\":[\"https:\/\/7netbilisim.com\/index.php\/iletisim\/\"]}]},{\"@type\":\"BreadcrumbList\",\"@id\":\"https:\/\/7netbilisim.com\/index.php\/iletisim\/#breadcrumb\",\"itemListElement\":[{\"@type\":\"ListItem\",\"position\":1,\"name\":\"Ana sayfa\",\"item\":\"https:\/\/7netbilisim.com\/\"},{\"@type\":\"ListItem\",\"position\":2,\"name\":\"\u0130leti\u015fim\"}]},{\"@type\":\"WebSite\",\"@id\":\"https:\/\/7netbilisim.com\/#website\",\"url\":\"https:\/\/7netbilisim.com\/\",\"name\":\"\",\"description\":\"\",\"publisher\":{\"@id\":\"https:\/\/7netbilisim.com\/#organization\"},\"potentialAction\":[{\"@type\":\"SearchAction\",\"target\":{\"@type\":\"EntryPoint\",\"urlTemplate\":\"https:\/\/7netbilisim.com\/?s={search_term_string}\"},\"query-input\":{\"@type\":\"PropertyValueSpecification\",\"valueRequired\":true,\"valueName\":\"search_term_string\"}}],\"inLanguage\":\"tr\"},{\"@type\":\"Organization\",\"@id\":\"https:\/\/7netbilisim.com\/#organization\",\"name\":\"7NET Bili\u015fim Yaz\u0131l\u0131m ve Dan\u0131\u015fmanl\u0131k Hizmetleri\",\"url\":\"https:\/\/7netbilisim.com\/\",\"logo\":{\"@type\":\"ImageObject\",\"inLanguage\":\"tr\",\"@id\":\"https:\/\/7netbilisim.com\/#\/schema\/logo\/image\/\",\"url\":\"https:\/\/7netbilisim.com\/wp-content\/uploads\/2019\/10\/225.png\",\"contentUrl\":\"https:\/\/7netbilisim.com\/wp-content\/uploads\/2019\/10\/225.png\",\"width\":224,\"height\":48,\"caption\":\"7NET Bili\u015fim Yaz\u0131l\u0131m ve Dan\u0131\u015fmanl\u0131k Hizmetleri\"},\"image\":{\"@id\":\"https:\/\/7netbilisim.com\/#\/schema\/logo\/image\/\"}}]}<\/script>\n<!-- \/ Yoast SEO plugin. -->","yoast_head_json":{"title":"Adana - Logo Destek Hizmetleri","description":"Adana Logo bayi - e-Fatura, e-Ar\u015fiv Fatura, e-\u0130rsaliye, e-Defter \u00c7\u00f6z\u00fcmleri\u200e","robots":{"index":"index","follow":"follow","max-snippet":"max-snippet:-1","max-image-preview":"max-image-preview:large","max-video-preview":"max-video-preview:-1"},"canonical":"https:\/\/7netbilisim.com\/index.php\/iletisim\/","og_locale":"tr_TR","og_type":"article","og_title":"Adana - Logo Destek Hizmetleri","og_description":"Adana Logo bayi - e-Fatura, e-Ar\u015fiv Fatura, e-\u0130rsaliye, e-Defter \u00c7\u00f6z\u00fcmleri\u200e","og_url":"https:\/\/7netbilisim.com\/index.php\/iletisim\/","article_modified_time":"2026-01-19T14:04:11+00:00","twitter_card":"summary_large_image","twitter_misc":{"Tahmini okuma s\u00fcresi":"1 dakika"},"schema":{"@context":"https:\/\/schema.org","@graph":[{"@type":"WebPage","@id":"https:\/\/7netbilisim.com\/index.php\/iletisim\/","url":"https:\/\/7netbilisim.com\/index.php\/iletisim\/","name":"Adana - Logo Destek Hizmetleri","isPartOf":{"@id":"https:\/\/7netbilisim.com\/#website"},"datePublished":"2025-11-08T11:49:50+00:00","dateModified":"2026-01-19T14:04:11+00:00","description":"Adana Logo bayi - e-Fatura, e-Ar\u015fiv Fatura, e-\u0130rsaliye, e-Defter \u00c7\u00f6z\u00fcmleri\u200e","breadcrumb":{"@id":"https:\/\/7netbilisim.com\/index.php\/iletisim\/#breadcrumb"},"inLanguage":"tr","potentialAction":[{"@type":"ReadAction","target":["https:\/\/7netbilisim.com\/index.php\/iletisim\/"]}]},{"@type":"BreadcrumbList","@id":"https:\/\/7netbilisim.com\/index.php\/iletisim\/#breadcrumb","itemListElement":[{"@type":"ListItem","position":1,"name":"Ana sayfa","item":"https:\/\/7netbilisim.com\/"},{"@type":"ListItem","position":2,"name":"\u0130leti\u015fim"}]},{"@type":"WebSite","@id":"https:\/\/7netbilisim.com\/#website","url":"https:\/\/7netbilisim.com\/","name":"","description":"","publisher":{"@id":"https:\/\/7netbilisim.com\/#organization"},"potentialAction":[{"@type":"SearchAction","target":{"@type":"EntryPoint","urlTemplate":"https:\/\/7netbilisim.com\/?s={search_term_string}"},"query-input":{"@type":"PropertyValueSpecification","valueRequired":true,"valueName":"search_term_string"}}],"inLanguage":"tr"},{"@type":"Organization","@id":"https:\/\/7netbilisim.com\/#organization","name":"7NET Bili\u015fim Yaz\u0131l\u0131m ve Dan\u0131\u015fmanl\u0131k Hizmetleri","url":"https:\/\/7netbilisim.com\/","logo":{"@type":"ImageObject","inLanguage":"tr","@id":"https:\/\/7netbilisim.com\/#\/schema\/logo\/image\/","url":"https:\/\/7netbilisim.com\/wp-content\/uploads\/2019\/10\/225.png","contentUrl":"https:\/\/7netbilisim.com\/wp-content\/uploads\/2019\/10\/225.png","width":224,"height":48,"caption":"7NET Bili\u015fim Yaz\u0131l\u0131m ve Dan\u0131\u015fmanl\u0131k Hizmetleri"},"image":{"@id":"https:\/\/7netbilisim.com\/#\/schema\/logo\/image\/"}}]}},"uagb_featured_image_src":{"full":false,"thumbnail":false,"medium":false,"medium_large":false,"large":false,"1536x1536":false,"2048x2048":false,"zakra-thumb-size-one":false,"zakra-thumb-size-two":false},"uagb_author_info":{"display_name":"admin","author_link":"https:\/\/7netbilisim.com\/index.php\/author\/netyedi01\/"},"uagb_comment_info":0,"uagb_excerpt":null,"_links":{"self":[{"href":"https:\/\/7netbilisim.com\/index.php\/wp-json\/wp\/v2\/pages\/268","targetHints":{"allow":["GET"]}}],"collection":[{"href":"https:\/\/7netbilisim.com\/index.php\/wp-json\/wp\/v2\/pages"}],"about":[{"href":"https:\/\/7netbilisim.com\/index.php\/wp-json\/wp\/v2\/types\/page"}],"author":[{"embeddable":true,"href":"https:\/\/7netbilisim.com\/index.php\/wp-json\/wp\/v2\/users\/1"}],"replies":[{"embeddable":true,"href":"https:\/\/7netbilisim.com\/index.php\/wp-json\/wp\/v2\/comments?post=268"}],"version-history":[{"count":20,"href":"https:\/\/7netbilisim.com\/index.php\/wp-json\/wp\/v2\/pages\/268\/revisions"}],"predecessor-version":[{"id":2132,"href":"https:\/\/7netbilisim.com\/index.php\/wp-json\/wp\/v2\/pages\/268\/revisions\/2132"}],"wp:attachment":[{"href":"https:\/\/7netbilisim.com\/index.php\/wp-json\/wp\/v2\/media?parent=268"}],"curies":[{"name":"wp","href":"https:\/\/api.w.org\/{rel}","templated":true}]}}