{"id":82,"date":"2025-11-08T14:49:16","date_gmt":"2025-11-08T11:49:16","guid":{"rendered":"https:\/\/digital-marketing-02.sites.qsandbox.com\/?page_id=82"},"modified":"2025-11-22T14:26:33","modified_gmt":"2025-11-22T11:26:33","slug":"about","status":"publish","type":"page","link":"https:\/\/7netbilisim.com\/index.php\/about\/","title":{"rendered":"Hakk\u0131m\u0131zda"},"content":{"rendered":"\n<p><\/p>\n\n\n\n<p class=\"has-text-align-center has-medium-font-size\">Hakk\u0131m\u0131zda<\/p>\n\n\n\n<div class=\"wp-block-uagb-container uagb-block-3mhqflm9 alignfull uagb-is-root-container\"><div class=\"uagb-container-inner-blocks-wrap\">\n<div class=\"wp-block-uagb-info-box uagb-block-ygjayibn uagb-infobox__content-wrap  uagb-infobox-icon-above-title uagb-infobox-image-valign-top wp-block-uagb-info-box--has-margin\"><div class=\"uagb-infobox-margin-wrapper\"><div class=\"uagb-ifb-content\"><div class=\"uagb-ifb-title-wrap\"><\/div><p class=\"uagb-ifb-desc\">20 y\u0131l\u0131 a\u015fk\u0131n uygulama tecr\u00fcbesi ile  ERP sistemleri konusunda kapsaml\u0131 dan\u0131\u015fmanl\u0131k hizmetleri sunmaktay\u0131z.<br><strong>Misyonumuz;<\/strong> <br>\u0130\u015fletmeler i\u00e7in teknoloji ve hizmet \u00e7\u00f6z\u00fcmleri \u00fcretmek, verimliliklerini art\u0131rmak, g\u00fcvenilir bir firma olarak yanlar\u0131nda yer almakt\u0131r.<br><strong>Vizyonumuz;<\/strong><br>Tecr\u00fcbemiz, hizmet kalitemiz, yenilik\u00e7i yakla\u015f\u0131m\u0131m\u0131z ile b\u00f6lgenin en g\u00fcvenilir ERP dan\u0131\u015fmanl\u0131k firmalar\u0131ndan biri olmakt\u0131r.<br><strong>Temel De\u011ferlerimiz;<\/strong><br>Uzmanl\u0131k, g\u00fcvenilirlik, sadelik, \u00e7al\u0131\u015fkanl\u0131k, \u015feffafl\u0131k, yenilik\u00e7ilik, sonu\u00e7 odakl\u0131l\u0131k, %100 m\u00fc\u015fteri memnuniyeti.<\/p><\/div><\/div><\/div>\n\n\n\n<p><\/p>\n<\/div><\/div>\n\n\n\n<p><\/p>\n","protected":false},"excerpt":{"rendered":"<p>Hakk\u0131m\u0131zda<\/p>\n","protected":false},"author":1,"featured_media":0,"parent":0,"menu_order":0,"comment_status":"closed","ping_status":"closed","template":"page-templates\/pagebuilder.php","meta":{"zakra_general_container_width":0,"zakra_general_content_width":0,"zakra_general_sidebar_width":0,"zakra_sticky_header":"customizer","zakra_header_main_area":true,"zakra_site_logo_width":0,"zakra_header_top_enabled":"customizer","zakra_header_top_style":"customizer","zakra_primary_menu_item_style":"customizer","zakra_page_header_text_color":"","zakra_page_header_layout":"customizer","zakra_page_title_bg":"","zakra_footer_widgets_bg_image":0,"zakra_page_title_bg_repeat":"customizer","zakra_page_title_bg_position":"customizer","zakra_page_title_bg_size":"customizer","zakra_page_title_bg_attachment":"customizer","zakra_breadcrumbs_enabled":"customizer","zakra_breadcrumbs_text_color":"","zakra_breadcrumbs_separator_color":"","zakra_breadcrumbs_link_color":"","zakra_breadcrumbs_link_hover_color":"","zakra_page_title_bg_image":0,"zakra_footer_widgets_enabled":"customizer","zakra_footer_column_layout_1_style":"customizer","zakra_footer_widgets_bg":"","zakra_footer_widgets_bg_repeat":"customizer","zakra_footer_widgets_bg_position":"customizer","zakra_footer_widgets_bg_size":"customizer","zakra_footer_widgets_bg_attachment":"customizer","zakra_footer_bar_enabled":"customizer","zakra_footer_bar_style":"customizer","zakra_page_container_layout":"stretched","zakra_page_sidebar_layout":"no_sidebar","zakra_remove_content_margin":false,"zakra_sidebar":"customizer","zakra_transparent_header":"customizer","zakra_logo":0,"zakra_main_header_style":"default","zakra_menu_item_color":"","zakra_menu_item_hover_color":"","zakra_menu_item_active_color":"","zakra_menu_active_style":"","zakra_page_header":true,"_uag_custom_page_level_css":"","footnotes":""},"class_list":["post-82","page","type-page","status-publish","hentry"],"yoast_head":"<!-- This site is optimized with the Yoast SEO plugin v26.4 - https:\/\/yoast.com\/wordpress\/plugins\/seo\/ -->\n<title>Adana - Logo Destek Hizmetleri<\/title>\n<meta name=\"description\" content=\"Adana Logo bayi - e-Fatura, e-Ar\u015fiv Fatura, e-\u0130rsaliye, e-Defter \u00c7\u00f6z\u00fcmleri\u200e\" \/>\n<meta name=\"robots\" content=\"index, follow, max-snippet:-1, max-image-preview:large, max-video-preview:-1\" \/>\n<link rel=\"canonical\" href=\"https:\/\/7netbilisim.com\/index.php\/about\/\" \/>\n<meta property=\"og:locale\" content=\"tr_TR\" \/>\n<meta property=\"og:type\" content=\"article\" \/>\n<meta property=\"og:title\" content=\"Adana - Logo Destek Hizmetleri\" \/>\n<meta property=\"og:description\" content=\"Adana Logo bayi - e-Fatura, e-Ar\u015fiv Fatura, e-\u0130rsaliye, e-Defter \u00c7\u00f6z\u00fcmleri\u200e\" \/>\n<meta property=\"og:url\" content=\"https:\/\/7netbilisim.com\/index.php\/about\/\" \/>\n<meta property=\"article:modified_time\" content=\"2025-11-22T11:26:33+00:00\" \/>\n<meta name=\"twitter:card\" content=\"summary_large_image\" \/>\n<meta name=\"twitter:label1\" content=\"Tahmini okuma s\u00fcresi\" \/>\n\t<meta name=\"twitter:data1\" content=\"1 dakika\" \/>\n<script type=\"application\/ld+json\" class=\"yoast-schema-graph\">{\"@context\":\"https:\/\/schema.org\",\"@graph\":[{\"@type\":\"WebPage\",\"@id\":\"https:\/\/7netbilisim.com\/index.php\/about\/\",\"url\":\"https:\/\/7netbilisim.com\/index.php\/about\/\",\"name\":\"Adana - Logo Destek Hizmetleri\",\"isPartOf\":{\"@id\":\"https:\/\/7netbilisim.com\/#website\"},\"datePublished\":\"2025-11-08T11:49:16+00:00\",\"dateModified\":\"2025-11-22T11:26:33+00:00\",\"description\":\"Adana Logo bayi - e-Fatura, e-Ar\u015fiv Fatura, e-\u0130rsaliye, e-Defter \u00c7\u00f6z\u00fcmleri\u200e\",\"breadcrumb\":{\"@id\":\"https:\/\/7netbilisim.com\/index.php\/about\/#breadcrumb\"},\"inLanguage\":\"tr\",\"potentialAction\":[{\"@type\":\"ReadAction\",\"target\":[\"https:\/\/7netbilisim.com\/index.php\/about\/\"]}]},{\"@type\":\"BreadcrumbList\",\"@id\":\"https:\/\/7netbilisim.com\/index.php\/about\/#breadcrumb\",\"itemListElement\":[{\"@type\":\"ListItem\",\"position\":1,\"name\":\"Ana sayfa\",\"item\":\"https:\/\/7netbilisim.com\/\"},{\"@type\":\"ListItem\",\"position\":2,\"name\":\"Hakk\u0131m\u0131zda\"}]},{\"@type\":\"WebSite\",\"@id\":\"https:\/\/7netbilisim.com\/#website\",\"url\":\"https:\/\/7netbilisim.com\/\",\"name\":\"\",\"description\":\"\",\"publisher\":{\"@id\":\"https:\/\/7netbilisim.com\/#organization\"},\"potentialAction\":[{\"@type\":\"SearchAction\",\"target\":{\"@type\":\"EntryPoint\",\"urlTemplate\":\"https:\/\/7netbilisim.com\/?s={search_term_string}\"},\"query-input\":{\"@type\":\"PropertyValueSpecification\",\"valueRequired\":true,\"valueName\":\"search_term_string\"}}],\"inLanguage\":\"tr\"},{\"@type\":\"Organization\",\"@id\":\"https:\/\/7netbilisim.com\/#organization\",\"name\":\"7NET Bili\u015fim Yaz\u0131l\u0131m ve Dan\u0131\u015fmanl\u0131k Hizmetleri\",\"url\":\"https:\/\/7netbilisim.com\/\",\"logo\":{\"@type\":\"ImageObject\",\"inLanguage\":\"tr\",\"@id\":\"https:\/\/7netbilisim.com\/#\/schema\/logo\/image\/\",\"url\":\"https:\/\/7netbilisim.com\/wp-content\/uploads\/2019\/10\/225.png\",\"contentUrl\":\"https:\/\/7netbilisim.com\/wp-content\/uploads\/2019\/10\/225.png\",\"width\":224,\"height\":48,\"caption\":\"7NET Bili\u015fim Yaz\u0131l\u0131m ve Dan\u0131\u015fmanl\u0131k Hizmetleri\"},\"image\":{\"@id\":\"https:\/\/7netbilisim.com\/#\/schema\/logo\/image\/\"}}]}<\/script>\n<!-- \/ Yoast SEO plugin. -->","yoast_head_json":{"title":"Adana - Logo Destek Hizmetleri","description":"Adana Logo bayi - e-Fatura, e-Ar\u015fiv Fatura, e-\u0130rsaliye, e-Defter \u00c7\u00f6z\u00fcmleri\u200e","robots":{"index":"index","follow":"follow","max-snippet":"max-snippet:-1","max-image-preview":"max-image-preview:large","max-video-preview":"max-video-preview:-1"},"canonical":"https:\/\/7netbilisim.com\/index.php\/about\/","og_locale":"tr_TR","og_type":"article","og_title":"Adana - Logo Destek Hizmetleri","og_description":"Adana Logo bayi - e-Fatura, e-Ar\u015fiv Fatura, e-\u0130rsaliye, e-Defter \u00c7\u00f6z\u00fcmleri\u200e","og_url":"https:\/\/7netbilisim.com\/index.php\/about\/","article_modified_time":"2025-11-22T11:26:33+00:00","twitter_card":"summary_large_image","twitter_misc":{"Tahmini okuma s\u00fcresi":"1 dakika"},"schema":{"@context":"https:\/\/schema.org","@graph":[{"@type":"WebPage","@id":"https:\/\/7netbilisim.com\/index.php\/about\/","url":"https:\/\/7netbilisim.com\/index.php\/about\/","name":"Adana - Logo Destek Hizmetleri","isPartOf":{"@id":"https:\/\/7netbilisim.com\/#website"},"datePublished":"2025-11-08T11:49:16+00:00","dateModified":"2025-11-22T11:26:33+00:00","description":"Adana Logo bayi - e-Fatura, e-Ar\u015fiv Fatura, e-\u0130rsaliye, e-Defter \u00c7\u00f6z\u00fcmleri\u200e","breadcrumb":{"@id":"https:\/\/7netbilisim.com\/index.php\/about\/#breadcrumb"},"inLanguage":"tr","potentialAction":[{"@type":"ReadAction","target":["https:\/\/7netbilisim.com\/index.php\/about\/"]}]},{"@type":"BreadcrumbList","@id":"https:\/\/7netbilisim.com\/index.php\/about\/#breadcrumb","itemListElement":[{"@type":"ListItem","position":1,"name":"Ana sayfa","item":"https:\/\/7netbilisim.com\/"},{"@type":"ListItem","position":2,"name":"Hakk\u0131m\u0131zda"}]},{"@type":"WebSite","@id":"https:\/\/7netbilisim.com\/#website","url":"https:\/\/7netbilisim.com\/","name":"","description":"","publisher":{"@id":"https:\/\/7netbilisim.com\/#organization"},"potentialAction":[{"@type":"SearchAction","target":{"@type":"EntryPoint","urlTemplate":"https:\/\/7netbilisim.com\/?s={search_term_string}"},"query-input":{"@type":"PropertyValueSpecification","valueRequired":true,"valueName":"search_term_string"}}],"inLanguage":"tr"},{"@type":"Organization","@id":"https:\/\/7netbilisim.com\/#organization","name":"7NET Bili\u015fim Yaz\u0131l\u0131m ve Dan\u0131\u015fmanl\u0131k Hizmetleri","url":"https:\/\/7netbilisim.com\/","logo":{"@type":"ImageObject","inLanguage":"tr","@id":"https:\/\/7netbilisim.com\/#\/schema\/logo\/image\/","url":"https:\/\/7netbilisim.com\/wp-content\/uploads\/2019\/10\/225.png","contentUrl":"https:\/\/7netbilisim.com\/wp-content\/uploads\/2019\/10\/225.png","width":224,"height":48,"caption":"7NET Bili\u015fim Yaz\u0131l\u0131m ve Dan\u0131\u015fmanl\u0131k Hizmetleri"},"image":{"@id":"https:\/\/7netbilisim.com\/#\/schema\/logo\/image\/"}}]}},"uagb_featured_image_src":{"full":false,"thumbnail":false,"medium":false,"medium_large":false,"large":false,"1536x1536":false,"2048x2048":false,"zakra-thumb-size-one":false,"zakra-thumb-size-two":false},"uagb_author_info":{"display_name":"admin","author_link":"https:\/\/7netbilisim.com\/index.php\/author\/netyedi01\/"},"uagb_comment_info":0,"uagb_excerpt":"Hakk\u0131m\u0131zda","_links":{"self":[{"href":"https:\/\/7netbilisim.com\/index.php\/wp-json\/wp\/v2\/pages\/82","targetHints":{"allow":["GET"]}}],"collection":[{"href":"https:\/\/7netbilisim.com\/index.php\/wp-json\/wp\/v2\/pages"}],"about":[{"href":"https:\/\/7netbilisim.com\/index.php\/wp-json\/wp\/v2\/types\/page"}],"author":[{"embeddable":true,"href":"https:\/\/7netbilisim.com\/index.php\/wp-json\/wp\/v2\/users\/1"}],"replies":[{"embeddable":true,"href":"https:\/\/7netbilisim.com\/index.php\/wp-json\/wp\/v2\/comments?post=82"}],"version-history":[{"count":34,"href":"https:\/\/7netbilisim.com\/index.php\/wp-json\/wp\/v2\/pages\/82\/revisions"}],"predecessor-version":[{"id":2127,"href":"https:\/\/7netbilisim.com\/index.php\/wp-json\/wp\/v2\/pages\/82\/revisions\/2127"}],"wp:attachment":[{"href":"https:\/\/7netbilisim.com\/index.php\/wp-json\/wp\/v2\/media?parent=82"}],"curies":[{"name":"wp","href":"https:\/\/api.w.org\/{rel}","templated":true}]}}